{"id":199,"date":"2025-07-01T06:16:15","date_gmt":"2025-07-01T06:16:15","guid":{"rendered":"https:\/\/javflatpanel.com\/?page_id=199"},"modified":"2026-04-07T07:38:20","modified_gmt":"2026-04-07T07:38:20","slug":"intelligenter-stift","status":"publish","type":"page","link":"https:\/\/javflatpanel.com\/de\/products\/smart-pen\/","title":{"rendered":"Intelligenter Stift"},"content":{"rendered":"<div data-elementor-type=\"wp-page\" data-elementor-id=\"199\" class=\"elementor elementor-199\" data-elementor-post-type=\"page\">\n\t\t\t\t<div class=\"elementor-element elementor-element-fd6a4fc e-flex e-con-boxed elementor-invisible e-con e-parent\" data-id=\"fd6a4fc\" data-element_type=\"container\" data-e-type=\"container\" data-settings=\"{&quot;animation&quot;:&quot;fadeInDown&quot;,&quot;background_background&quot;:&quot;classic&quot;}\">\n\t\t\t\t\t<div class=\"e-con-inner\">\n\t\t<div class=\"elementor-element elementor-element-ba37db9 e-con-full e-flex e-con e-child\" data-id=\"ba37db9\" data-element_type=\"container\" data-e-type=\"container\">\n\t\t\t\t<div class=\"elementor-element elementor-element-f229d38 elementor-widget__width-auto elementor-widget-mobile__width-initial elementor-widget elementor-widget-heading\" data-id=\"f229d38\" data-element_type=\"widget\" data-e-type=\"widget\" data-widget_type=\"heading.default\">\n\t\t\t\t<div class=\"elementor-widget-container\">\n\t\t\t\t\t<h2 class=\"elementor-heading-title elementor-size-default\">JAV Smart Pen<\/h2>\t\t\t\t<\/div>\n\t\t\t\t<\/div>\n\t\t\t\t<div class=\"elementor-element elementor-element-0107a1a elementor-widget-mobile__width-initial elementor-widget elementor-widget-text-editor\" data-id=\"0107a1a\" data-element_type=\"widget\" data-e-type=\"widget\" data-widget_type=\"text-editor.default\">\n\t\t\t\t<div class=\"elementor-widget-container\">\n\t\t\t\t\t\t\t\t\t<p>Steuern Sie die Pr\u00e4sentation bequem von Ihrem Platz aus.<\/p>\t\t\t\t\t\t\t\t<\/div>\n\t\t\t\t<\/div>\n\t\t\t\t<\/div>\n\t\t\t\t\t<\/div>\n\t\t\t\t<\/div>\n\t\t<div class=\"elementor-element elementor-element-ba64fcb e-flex e-con-boxed e-con e-parent\" data-id=\"ba64fcb\" data-element_type=\"container\" data-e-type=\"container\">\n\t\t\t\t\t<div class=\"e-con-inner\">\n\t\t\t\t<div class=\"elementor-element elementor-element-eea959b elementor-widget elementor-widget-spacer\" data-id=\"eea959b\" data-element_type=\"widget\" data-e-type=\"widget\" data-widget_type=\"spacer.default\">\n\t\t\t\t<div class=\"elementor-widget-container\">\n\t\t\t\t\t\t\t<div class=\"elementor-spacer\">\n\t\t\t<div class=\"elementor-spacer-inner\"><\/div>\n\t\t<\/div>\n\t\t\t\t\t\t<\/div>\n\t\t\t\t<\/div>\n\t\t\t\t\t<\/div>\n\t\t\t\t<\/div>\n\t\t<div class=\"elementor-element elementor-element-e8310c0 e-flex e-con-boxed elementor-invisible e-con e-parent\" data-id=\"e8310c0\" data-element_type=\"container\" data-e-type=\"container\" data-settings=\"{&quot;animation&quot;:&quot;fadeInUp&quot;}\">\n\t\t\t\t\t<div class=\"e-con-inner\">\n\t\t<div class=\"elementor-element elementor-element-a450f25 e-con-full e-flex e-con e-child\" data-id=\"a450f25\" data-element_type=\"container\" data-e-type=\"container\">\n\t\t\t\t<div class=\"elementor-element elementor-element-7d0cb63 elementor-widget elementor-widget-heading\" data-id=\"7d0cb63\" data-element_type=\"widget\" data-e-type=\"widget\" data-widget_type=\"heading.default\">\n\t\t\t\t<div class=\"elementor-widget-container\">\n\t\t\t\t\t<h2 class=\"elementor-heading-title elementor-size-default\">Intelligente Steuerung, m\u00fchelose Pr\u00e4sentation<\/h2>\t\t\t\t<\/div>\n\t\t\t\t<\/div>\n\t\t\t\t<div class=\"elementor-element elementor-element-d1e4b10 elementor-widget elementor-widget-heading\" data-id=\"d1e4b10\" data-element_type=\"widget\" data-e-type=\"widget\" data-widget_type=\"heading.default\">\n\t\t\t\t<div class=\"elementor-widget-container\">\n\t\t\t\t\t<h2 class=\"elementor-heading-title elementor-size-default\">Der JAV Smart Pen funktioniert wie eine kabellose Maus und erm\u00f6glicht die Fernsteuerung der Pr\u00e4sentation, z. B. durch Umbl\u00e4ttern, Videowiedergabe und Pause. <\/h2>\t\t\t\t<\/div>\n\t\t\t\t<\/div>\n\t\t\t\t<\/div>\n\t\t<div class=\"elementor-element elementor-element-af7f01c e-con-full e-flex e-con e-child\" data-id=\"af7f01c\" data-element_type=\"container\" data-e-type=\"container\">\n\t\t\t\t<div class=\"elementor-element elementor-element-24c03b9 elementor-widget elementor-widget-image\" data-id=\"24c03b9\" data-element_type=\"widget\" data-e-type=\"widget\" data-widget_type=\"image.default\">\n\t\t\t\t<div class=\"elementor-widget-container\">\n\t\t\t\t\t\t\t\t\t\t\t\t\t\t\t<img fetchpriority=\"high\" decoding=\"async\" width=\"1024\" height=\"576\" src=\"https:\/\/javflatpanel.com\/wp-content\/uploads\/2025\/10\/jav-smart-pen-for-smart-boards-with-control-function-1024x576.webp\" class=\"attachment-large size-large wp-image-7074\" alt=\"Abbildung, die einen Lehrer zeigt, der den JAV Smartpen benutzt, um die Videowiedergabe auf dem JAV Smartboard zu steuern 10\" srcset=\"https:\/\/javflatpanel.com\/wp-content\/uploads\/2025\/10\/jav-smart-pen-for-smart-boards-with-control-function-1024x576.webp 1024w, https:\/\/javflatpanel.com\/wp-content\/uploads\/2025\/10\/jav-smart-pen-for-smart-boards-with-control-function-300x169.webp 300w, https:\/\/javflatpanel.com\/wp-content\/uploads\/2025\/10\/jav-smart-pen-for-smart-boards-with-control-function-768x432.webp 768w, https:\/\/javflatpanel.com\/wp-content\/uploads\/2025\/10\/jav-smart-pen-for-smart-boards-with-control-function.webp 1536w\" sizes=\"(max-width: 1024px) 100vw, 1024px\" \/>\t\t\t\t\t\t\t\t\t\t\t\t\t\t\t<\/div>\n\t\t\t\t<\/div>\n\t\t\t\t<\/div>\n\t\t\t\t\t<\/div>\n\t\t\t\t<\/div>\n\t\t<div class=\"elementor-element elementor-element-23e6448 e-flex e-con-boxed e-con e-parent\" data-id=\"23e6448\" data-element_type=\"container\" data-e-type=\"container\">\n\t\t\t\t\t<div class=\"e-con-inner\">\n\t\t\t\t<div class=\"elementor-element elementor-element-7534dd0 elementor-widget elementor-widget-spacer\" data-id=\"7534dd0\" data-element_type=\"widget\" data-e-type=\"widget\" data-widget_type=\"spacer.default\">\n\t\t\t\t<div class=\"elementor-widget-container\">\n\t\t\t\t\t\t\t<div class=\"elementor-spacer\">\n\t\t\t<div class=\"elementor-spacer-inner\"><\/div>\n\t\t<\/div>\n\t\t\t\t\t\t<\/div>\n\t\t\t\t<\/div>\n\t\t\t\t\t<\/div>\n\t\t\t\t<\/div>\n\t\t<div class=\"elementor-element elementor-element-f2e216a e-flex e-con-boxed elementor-invisible e-con e-parent\" data-id=\"f2e216a\" data-element_type=\"container\" data-e-type=\"container\" data-settings=\"{&quot;animation&quot;:&quot;fadeInUp&quot;}\">\n\t\t\t\t\t<div class=\"e-con-inner\">\n\t\t<div class=\"elementor-element elementor-element-f5c167a e-con-full e-flex e-con e-child\" data-id=\"f5c167a\" data-element_type=\"container\" data-e-type=\"container\">\n\t\t\t\t<div class=\"elementor-element elementor-element-668da45 elementor-widget elementor-widget-image\" data-id=\"668da45\" data-element_type=\"widget\" data-e-type=\"widget\" data-widget_type=\"image.default\">\n\t\t\t\t<div class=\"elementor-widget-container\">\n\t\t\t\t\t\t\t\t\t\t\t\t\t\t\t<img decoding=\"async\" width=\"1024\" height=\"578\" src=\"https:\/\/javflatpanel.com\/wp-content\/uploads\/2025\/10\/remote-control-jav-smart-board-smart-stylus-1024x578.webp\" class=\"attachment-large size-large wp-image-6246\" alt=\"Fernbedienung, Jav Smartboard, Smart-Stift\" srcset=\"https:\/\/javflatpanel.com\/wp-content\/uploads\/2025\/10\/remote-control-jav-smart-board-smart-stylus-1024x578.webp 1024w, https:\/\/javflatpanel.com\/wp-content\/uploads\/2025\/10\/remote-control-jav-smart-board-smart-stylus-300x169.webp 300w, https:\/\/javflatpanel.com\/wp-content\/uploads\/2025\/10\/remote-control-jav-smart-board-smart-stylus-768x434.webp 768w, https:\/\/javflatpanel.com\/wp-content\/uploads\/2025\/10\/remote-control-jav-smart-board-smart-stylus-1536x867.webp 1536w, https:\/\/javflatpanel.com\/wp-content\/uploads\/2025\/10\/remote-control-jav-smart-board-smart-stylus.webp 2040w\" sizes=\"(max-width: 1024px) 100vw, 1024px\" \/>\t\t\t\t\t\t\t\t\t\t\t\t\t\t\t<\/div>\n\t\t\t\t<\/div>\n\t\t\t\t<\/div>\n\t\t<div class=\"elementor-element elementor-element-05375a0 e-con-full e-flex e-con e-child\" data-id=\"05375a0\" data-element_type=\"container\" data-e-type=\"container\">\n\t\t\t\t<div class=\"elementor-element elementor-element-c7c7474 elementor-widget elementor-widget-heading\" data-id=\"c7c7474\" data-element_type=\"widget\" data-e-type=\"widget\" data-widget_type=\"heading.default\">\n\t\t\t\t<div class=\"elementor-widget-container\">\n\t\t\t\t\t<h2 class=\"elementor-heading-title elementor-size-default\">Bewegungsfreiheit \u2013 oder Komfort genie\u00dfen<\/h2>\t\t\t\t<\/div>\n\t\t\t\t<\/div>\n\t\t\t\t<div class=\"elementor-element elementor-element-3859ff9 elementor-widget elementor-widget-heading\" data-id=\"3859ff9\" data-element_type=\"widget\" data-e-type=\"widget\" data-widget_type=\"heading.default\">\n\t\t\t\t<div class=\"elementor-widget-container\">\n\t\t\t\t\t<h2 class=\"elementor-heading-title elementor-size-default\">Manchmal m\u00fcssen wir einfach nur auf unserem Platz sitzen bleiben, um die Pr\u00e4sentation zu halten, oder wir m\u00f6chten uns w\u00e4hrend der Pr\u00e4sentation etwas ausruhen. Dann k\u00f6nnen wir den Smartpen verwenden, um die Pr\u00e4sentation fernzusteuern.<\/h2>\t\t\t\t<\/div>\n\t\t\t\t<\/div>\n\t\t\t\t<\/div>\n\t\t\t\t\t<\/div>\n\t\t\t\t<\/div>\n\t\t<div class=\"elementor-element elementor-element-4d156c9 e-flex e-con-boxed e-con e-parent\" data-id=\"4d156c9\" data-element_type=\"container\" data-e-type=\"container\">\n\t\t\t\t\t<div class=\"e-con-inner\">\n\t\t\t\t<div class=\"elementor-element elementor-element-fc6f0bf elementor-widget elementor-widget-spacer\" data-id=\"fc6f0bf\" data-element_type=\"widget\" data-e-type=\"widget\" data-widget_type=\"spacer.default\">\n\t\t\t\t<div class=\"elementor-widget-container\">\n\t\t\t\t\t\t\t<div class=\"elementor-spacer\">\n\t\t\t<div class=\"elementor-spacer-inner\"><\/div>\n\t\t<\/div>\n\t\t\t\t\t\t<\/div>\n\t\t\t\t<\/div>\n\t\t\t\t\t<\/div>\n\t\t\t\t<\/div>\n\t\t<div class=\"elementor-element elementor-element-44fe7c8 e-flex e-con-boxed e-con e-parent\" data-id=\"44fe7c8\" data-element_type=\"container\" data-e-type=\"container\">\n\t\t\t\t\t<div class=\"e-con-inner\">\n\t\t<div class=\"elementor-element elementor-element-ee54ba2 e-con-full e-flex e-con e-child\" data-id=\"ee54ba2\" data-element_type=\"container\" data-e-type=\"container\">\n\t\t\t\t<div class=\"elementor-element elementor-element-490ef53 elementor-widget elementor-widget-heading\" data-id=\"490ef53\" data-element_type=\"widget\" data-e-type=\"widget\" data-widget_type=\"heading.default\">\n\t\t\t\t<div class=\"elementor-widget-container\">\n\t\t\t\t\t<h2 class=\"elementor-heading-title elementor-size-default\">Intelligentes Schreiben<\/h2>\t\t\t\t<\/div>\n\t\t\t\t<\/div>\n\t\t\t\t<div class=\"elementor-element elementor-element-5bbbb3f elementor-widget elementor-widget-heading\" data-id=\"5bbbb3f\" data-element_type=\"widget\" data-e-type=\"widget\" data-widget_type=\"heading.default\">\n\t\t\t\t<div class=\"elementor-widget-container\">\n\t\t\t\t\t<h2 class=\"elementor-heading-title elementor-size-default\">Abgesehen von der Fernbedienung kann unser intelligenter Stift auch zum Schreiben verwendet werden. Dank seiner sorgf\u00e4ltig gestalteten Stiftspitze bietet er ein angenehmes Schreibgef\u00fchl.  <\/h2>\t\t\t\t<\/div>\n\t\t\t\t<\/div>\n\t\t\t\t<\/div>\n\t\t<div class=\"elementor-element elementor-element-30f397a e-con-full e-flex e-con e-child\" data-id=\"30f397a\" data-element_type=\"container\" data-e-type=\"container\">\n\t\t\t\t<div class=\"elementor-element elementor-element-37c98b7 elementor-widget elementor-widget-image\" data-id=\"37c98b7\" data-element_type=\"widget\" data-e-type=\"widget\" data-widget_type=\"image.default\">\n\t\t\t\t<div class=\"elementor-widget-container\">\n\t\t\t\t\t\t\t\t\t\t\t\t\t\t\t<img decoding=\"async\" width=\"1024\" height=\"576\" src=\"https:\/\/javflatpanel.com\/wp-content\/uploads\/2025\/10\/smooth-writing-jav-smart-board-stylus-1024x576.webp\" class=\"attachment-large size-large wp-image-6245\" alt=\"fl\u00fcssiges Schreiben mit dem JAV Smartboard-Stift\" srcset=\"https:\/\/javflatpanel.com\/wp-content\/uploads\/2025\/10\/smooth-writing-jav-smart-board-stylus-1024x576.webp 1024w, https:\/\/javflatpanel.com\/wp-content\/uploads\/2025\/10\/smooth-writing-jav-smart-board-stylus-300x169.webp 300w, https:\/\/javflatpanel.com\/wp-content\/uploads\/2025\/10\/smooth-writing-jav-smart-board-stylus-768x432.webp 768w, https:\/\/javflatpanel.com\/wp-content\/uploads\/2025\/10\/smooth-writing-jav-smart-board-stylus-1536x864.webp 1536w, https:\/\/javflatpanel.com\/wp-content\/uploads\/2025\/10\/smooth-writing-jav-smart-board-stylus.webp 2048w\" sizes=\"(max-width: 1024px) 100vw, 1024px\" \/>\t\t\t\t\t\t\t\t\t\t\t\t\t\t\t<\/div>\n\t\t\t\t<\/div>\n\t\t\t\t<\/div>\n\t\t\t\t\t<\/div>\n\t\t\t\t<\/div>\n\t\t\t\t<\/div>","protected":false},"excerpt":{"rendered":"<p>JAV Smart Pen Control the presentation remotely from your seat. Smart Control, Effortless Presentation JAV smart pen is just like a wireless mouse and it can help us control the presentation remotely with page turning, video playback, pause, etc. Freedom to Move \u2014 or Stay Comfortable Sometimes, we just need to sit on our seat&#8230;<\/p>","protected":false},"author":1,"featured_media":0,"parent":8501,"menu_order":0,"comment_status":"closed","ping_status":"closed","template":"","meta":{"_acf_changed":false,"_kad_post_transparent":"","_kad_post_title":"hide","_kad_post_layout":"fullwidth","_kad_post_sidebar_id":"","_kad_post_content_style":"unboxed","_kad_post_vertical_padding":"hide","_kad_post_feature":"hide","_kad_post_feature_position":"","_kad_post_header":false,"_kad_post_footer":false,"_kad_post_classname":"","footnotes":""},"class_list":["post-199","page","type-page","status-publish","hentry"],"acf":[],"yoast_head":"<!-- This site is optimized with the Yoast SEO plugin v27.3 - https:\/\/yoast.com\/product\/yoast-seo-wordpress\/ -->\n<title>Smart Pen - JAV Board<\/title>\n<meta name=\"description\" content=\"Discover the Smart Pen \u2013 a Bluetooth stylus with air mouse and page-turning buttons, perfect for interactive presentations with Smart Boards and devices.\" \/>\n<meta name=\"robots\" content=\"index, follow, max-snippet:-1, max-image-preview:large, max-video-preview:-1\" \/>\n<link rel=\"canonical\" href=\"https:\/\/javflatpanel.com\/de\/produkte\/intelligenter-stift\/\" \/>\n<meta property=\"og:locale\" content=\"de_DE\" \/>\n<meta property=\"og:type\" content=\"article\" \/>\n<meta property=\"og:title\" content=\"Smart Pen - JAV Board\" \/>\n<meta property=\"og:description\" content=\"Discover the Smart Pen \u2013 a Bluetooth stylus with air mouse and page-turning buttons, perfect for interactive presentations with Smart Boards and devices.\" \/>\n<meta property=\"og:url\" content=\"https:\/\/javflatpanel.com\/de\/produkte\/intelligenter-stift\/\" \/>\n<meta property=\"og:site_name\" content=\"JAV Board\" \/>\n<meta property=\"article:publisher\" content=\"https:\/\/www.facebook.com\/javboard\" \/>\n<meta property=\"article:modified_time\" content=\"2026-04-07T07:38:20+00:00\" \/>\n<meta property=\"og:image\" content=\"https:\/\/javflatpanel.com\/wp-content\/uploads\/2025\/10\/jav-smart-pen-for-smart-boards-with-control-function.webp\" \/>\n\t<meta property=\"og:image:width\" content=\"1536\" \/>\n\t<meta property=\"og:image:height\" content=\"864\" \/>\n\t<meta property=\"og:image:type\" content=\"image\/webp\" \/>\n<meta name=\"twitter:card\" content=\"summary_large_image\" \/>\n<meta name=\"twitter:label1\" content=\"Gesch\u00e4tzte Lesezeit\" \/>\n\t<meta name=\"twitter:data1\" content=\"2\u00a0Minuten\" \/>\n<script type=\"application\/ld+json\" class=\"yoast-schema-graph\">{\"@context\":\"https:\\\/\\\/schema.org\",\"@graph\":[{\"@type\":\"WebPage\",\"@id\":\"https:\\\/\\\/javflatpanel.com\\\/products\\\/smart-pen\\\/\",\"url\":\"https:\\\/\\\/javflatpanel.com\\\/products\\\/smart-pen\\\/\",\"name\":\"Smart Pen - JAV Board\",\"isPartOf\":{\"@id\":\"https:\\\/\\\/javflatpanel.com\\\/#website\"},\"primaryImageOfPage\":{\"@id\":\"https:\\\/\\\/javflatpanel.com\\\/products\\\/smart-pen\\\/#primaryimage\"},\"image\":{\"@id\":\"https:\\\/\\\/javflatpanel.com\\\/products\\\/smart-pen\\\/#primaryimage\"},\"thumbnailUrl\":\"https:\\\/\\\/javflatpanel.com\\\/wp-content\\\/uploads\\\/2025\\\/10\\\/jav-smart-pen-for-smart-boards-with-control-function-1024x576.webp\",\"datePublished\":\"2025-07-01T06:16:15+00:00\",\"dateModified\":\"2026-04-07T07:38:20+00:00\",\"description\":\"Discover the Smart Pen \u2013 a Bluetooth stylus with air mouse and page-turning buttons, perfect for interactive presentations with Smart Boards and devices.\",\"breadcrumb\":{\"@id\":\"https:\\\/\\\/javflatpanel.com\\\/products\\\/smart-pen\\\/#breadcrumb\"},\"inLanguage\":\"de\",\"potentialAction\":[{\"@type\":\"ReadAction\",\"target\":[\"https:\\\/\\\/javflatpanel.com\\\/products\\\/smart-pen\\\/\"]}]},{\"@type\":\"ImageObject\",\"inLanguage\":\"de\",\"@id\":\"https:\\\/\\\/javflatpanel.com\\\/products\\\/smart-pen\\\/#primaryimage\",\"url\":\"https:\\\/\\\/javflatpanel.com\\\/wp-content\\\/uploads\\\/2025\\\/10\\\/jav-smart-pen-for-smart-boards-with-control-function-1024x576.webp\",\"contentUrl\":\"https:\\\/\\\/javflatpanel.com\\\/wp-content\\\/uploads\\\/2025\\\/10\\\/jav-smart-pen-for-smart-boards-with-control-function-1024x576.webp\"},{\"@type\":\"BreadcrumbList\",\"@id\":\"https:\\\/\\\/javflatpanel.com\\\/products\\\/smart-pen\\\/#breadcrumb\",\"itemListElement\":[{\"@type\":\"ListItem\",\"position\":1,\"name\":\"Home\",\"item\":\"https:\\\/\\\/javflatpanel.com\\\/\"},{\"@type\":\"ListItem\",\"position\":2,\"name\":\"Products\",\"item\":\"https:\\\/\\\/javflatpanel.com\\\/products\\\/\"},{\"@type\":\"ListItem\",\"position\":3,\"name\":\"Smart Pen\"}]},{\"@type\":\"WebSite\",\"@id\":\"https:\\\/\\\/javflatpanel.com\\\/#website\",\"url\":\"https:\\\/\\\/javflatpanel.com\\\/\",\"name\":\"JAV Board\",\"description\":\"All-in-one device for meeting, teaching, and home use.\",\"publisher\":{\"@id\":\"https:\\\/\\\/javflatpanel.com\\\/#organization\"},\"alternateName\":\"JAV Board\",\"potentialAction\":[{\"@type\":\"SearchAction\",\"target\":{\"@type\":\"EntryPoint\",\"urlTemplate\":\"https:\\\/\\\/javflatpanel.com\\\/?s={search_term_string}\"},\"query-input\":{\"@type\":\"PropertyValueSpecification\",\"valueRequired\":true,\"valueName\":\"search_term_string\"}}],\"inLanguage\":\"de\"},{\"@type\":\"Organization\",\"@id\":\"https:\\\/\\\/javflatpanel.com\\\/#organization\",\"name\":\"JAV Electronics\",\"url\":\"https:\\\/\\\/javflatpanel.com\\\/\",\"logo\":{\"@type\":\"ImageObject\",\"inLanguage\":\"de\",\"@id\":\"https:\\\/\\\/javflatpanel.com\\\/#\\\/schema\\\/logo\\\/image\\\/\",\"url\":\"https:\\\/\\\/javflatpanel.com\\\/wp-content\\\/uploads\\\/2025\\\/05\\\/JAV_logo-1030-350x100-1.png\",\"contentUrl\":\"https:\\\/\\\/javflatpanel.com\\\/wp-content\\\/uploads\\\/2025\\\/05\\\/JAV_logo-1030-350x100-1.png\",\"width\":350,\"height\":100,\"caption\":\"JAV Electronics\"},\"image\":{\"@id\":\"https:\\\/\\\/javflatpanel.com\\\/#\\\/schema\\\/logo\\\/image\\\/\"},\"sameAs\":[\"https:\\\/\\\/www.facebook.com\\\/javboard\"]}]}<\/script>\n<!-- \/ Yoast SEO plugin. -->","yoast_head_json":{"title":"Smart Pen - JAV Board","description":"Entdecken Sie den Smart Pen \u2013 einen Bluetooth-Stift mit Air Mouse und Bl\u00e4ttertasten, perfekt f\u00fcr interaktive Pr\u00e4sentationen mit Smartboards und anderen Ger\u00e4ten.","robots":{"index":"index","follow":"follow","max-snippet":"max-snippet:-1","max-image-preview":"max-image-preview:large","max-video-preview":"max-video-preview:-1"},"canonical":"https:\/\/javflatpanel.com\/de\/produkte\/intelligenter-stift\/","og_locale":"de_DE","og_type":"article","og_title":"Smart Pen - JAV Board","og_description":"Discover the Smart Pen \u2013 a Bluetooth stylus with air mouse and page-turning buttons, perfect for interactive presentations with Smart Boards and devices.","og_url":"https:\/\/javflatpanel.com\/de\/produkte\/intelligenter-stift\/","og_site_name":"JAV Board","article_publisher":"https:\/\/www.facebook.com\/javboard","article_modified_time":"2026-04-07T07:38:20+00:00","og_image":[{"width":1536,"height":864,"url":"https:\/\/javflatpanel.com\/wp-content\/uploads\/2025\/10\/jav-smart-pen-for-smart-boards-with-control-function.webp","type":"image\/webp"}],"twitter_card":"summary_large_image","twitter_misc":{"Gesch\u00e4tzte Lesezeit":"2\u00a0Minuten"},"schema":{"@context":"https:\/\/schema.org","@graph":[{"@type":"WebPage","@id":"https:\/\/javflatpanel.com\/products\/smart-pen\/","url":"https:\/\/javflatpanel.com\/products\/smart-pen\/","name":"Smart Pen - JAV Board","isPartOf":{"@id":"https:\/\/javflatpanel.com\/#website"},"primaryImageOfPage":{"@id":"https:\/\/javflatpanel.com\/products\/smart-pen\/#primaryimage"},"image":{"@id":"https:\/\/javflatpanel.com\/products\/smart-pen\/#primaryimage"},"thumbnailUrl":"https:\/\/javflatpanel.com\/wp-content\/uploads\/2025\/10\/jav-smart-pen-for-smart-boards-with-control-function-1024x576.webp","datePublished":"2025-07-01T06:16:15+00:00","dateModified":"2026-04-07T07:38:20+00:00","description":"Entdecken Sie den Smart Pen \u2013 einen Bluetooth-Stift mit Air Mouse und Bl\u00e4ttertasten, perfekt f\u00fcr interaktive Pr\u00e4sentationen mit Smartboards und anderen Ger\u00e4ten.","breadcrumb":{"@id":"https:\/\/javflatpanel.com\/products\/smart-pen\/#breadcrumb"},"inLanguage":"de","potentialAction":[{"@type":"ReadAction","target":["https:\/\/javflatpanel.com\/products\/smart-pen\/"]}]},{"@type":"ImageObject","inLanguage":"de","@id":"https:\/\/javflatpanel.com\/products\/smart-pen\/#primaryimage","url":"https:\/\/javflatpanel.com\/wp-content\/uploads\/2025\/10\/jav-smart-pen-for-smart-boards-with-control-function-1024x576.webp","contentUrl":"https:\/\/javflatpanel.com\/wp-content\/uploads\/2025\/10\/jav-smart-pen-for-smart-boards-with-control-function-1024x576.webp"},{"@type":"BreadcrumbList","@id":"https:\/\/javflatpanel.com\/products\/smart-pen\/#breadcrumb","itemListElement":[{"@type":"ListItem","position":1,"name":"Home","item":"https:\/\/javflatpanel.com\/"},{"@type":"ListItem","position":2,"name":"Products","item":"https:\/\/javflatpanel.com\/products\/"},{"@type":"ListItem","position":3,"name":"Smart Pen"}]},{"@type":"WebSite","@id":"https:\/\/javflatpanel.com\/#website","url":"https:\/\/javflatpanel.com\/","name":"JAV Board","description":"All-in-One-Ger\u00e4t f\u00fcr Meetings, Unterricht und den Heimgebrauch.","publisher":{"@id":"https:\/\/javflatpanel.com\/#organization"},"alternateName":"JAV Board","potentialAction":[{"@type":"SearchAction","target":{"@type":"EntryPoint","urlTemplate":"https:\/\/javflatpanel.com\/?s={search_term_string}"},"query-input":{"@type":"PropertyValueSpecification","valueRequired":true,"valueName":"search_term_string"}}],"inLanguage":"de"},{"@type":"Organization","@id":"https:\/\/javflatpanel.com\/#organization","name":"JAV Electronics","url":"https:\/\/javflatpanel.com\/","logo":{"@type":"ImageObject","inLanguage":"de","@id":"https:\/\/javflatpanel.com\/#\/schema\/logo\/image\/","url":"https:\/\/javflatpanel.com\/wp-content\/uploads\/2025\/05\/JAV_logo-1030-350x100-1.png","contentUrl":"https:\/\/javflatpanel.com\/wp-content\/uploads\/2025\/05\/JAV_logo-1030-350x100-1.png","width":350,"height":100,"caption":"JAV Electronics"},"image":{"@id":"https:\/\/javflatpanel.com\/#\/schema\/logo\/image\/"},"sameAs":["https:\/\/www.facebook.com\/javboard"]}]}},"_hostinger_reach_plugin_has_subscription_block":false,"_hostinger_reach_plugin_is_elementor":false,"_links":{"self":[{"href":"https:\/\/javflatpanel.com\/de\/wp-json\/wp\/v2\/pages\/199","targetHints":{"allow":["GET"]}}],"collection":[{"href":"https:\/\/javflatpanel.com\/de\/wp-json\/wp\/v2\/pages"}],"about":[{"href":"https:\/\/javflatpanel.com\/de\/wp-json\/wp\/v2\/types\/page"}],"author":[{"embeddable":true,"href":"https:\/\/javflatpanel.com\/de\/wp-json\/wp\/v2\/users\/1"}],"replies":[{"embeddable":true,"href":"https:\/\/javflatpanel.com\/de\/wp-json\/wp\/v2\/comments?post=199"}],"version-history":[{"count":109,"href":"https:\/\/javflatpanel.com\/de\/wp-json\/wp\/v2\/pages\/199\/revisions"}],"predecessor-version":[{"id":9918,"href":"https:\/\/javflatpanel.com\/de\/wp-json\/wp\/v2\/pages\/199\/revisions\/9918"}],"up":[{"embeddable":true,"href":"https:\/\/javflatpanel.com\/de\/wp-json\/wp\/v2\/pages\/8501"}],"wp:attachment":[{"href":"https:\/\/javflatpanel.com\/de\/wp-json\/wp\/v2\/media?parent=199"}],"curies":[{"name":"wp","href":"https:\/\/api.w.org\/{rel}","templated":true}]}}