{"id":201,"date":"2025-07-01T06:16:27","date_gmt":"2025-07-01T06:16:27","guid":{"rendered":"https:\/\/javflatpanel.com\/?page_id=201"},"modified":"2026-04-07T07:34:46","modified_gmt":"2026-04-07T07:34:46","slug":"jav-tap","status":"publish","type":"page","link":"https:\/\/javflatpanel.com\/de\/products\/jav-tap\/","title":{"rendered":"JAV-Gewindebohrer"},"content":{"rendered":"<div data-elementor-type=\"wp-page\" data-elementor-id=\"201\" class=\"elementor elementor-201\" data-elementor-post-type=\"page\">\n\t\t\t\t<div class=\"elementor-element elementor-element-5421da2 e-flex e-con-boxed e-con e-parent\" data-id=\"5421da2\" data-element_type=\"container\" data-e-type=\"container\" data-settings=\"{&quot;background_background&quot;:&quot;classic&quot;}\">\n\t\t\t\t\t<div class=\"e-con-inner\">\n\t\t<div class=\"elementor-element elementor-element-5500c5e e-con-full e-flex e-con e-child\" data-id=\"5500c5e\" data-element_type=\"container\" data-e-type=\"container\">\n\t\t\t\t<div class=\"elementor-element elementor-element-04d5caf elementor-widget-mobile__width-initial elementor-widget elementor-widget-heading\" data-id=\"04d5caf\" data-element_type=\"widget\" data-e-type=\"widget\" data-widget_type=\"heading.default\">\n\t\t\t\t<div class=\"elementor-widget-container\">\n\t\t\t\t\t<h2 class=\"elementor-heading-title elementor-size-default\">JAV-Gewindebohrer<\/h2>\t\t\t\t<\/div>\n\t\t\t\t<\/div>\n\t\t\t\t<div class=\"elementor-element elementor-element-195bb75 elementor-widget-mobile__width-initial elementor-widget elementor-widget-text-editor\" data-id=\"195bb75\" data-element_type=\"widget\" data-e-type=\"widget\" data-settings=\"{&quot;_animation&quot;:&quot;none&quot;}\" data-widget_type=\"text-editor.default\">\n\t\t\t\t<div class=\"elementor-widget-container\">\n\t\t\t\t\t\t\t\t\t<p>Ein kompaktes Ger\u00e4t f\u00fcr die drahtlose Bildschirm\u00fcbertragung<\/p>\t\t\t\t\t\t\t\t<\/div>\n\t\t\t\t<\/div>\n\t\t\t\t<\/div>\n\t\t\t\t\t<\/div>\n\t\t\t\t<\/div>\n\t\t<div class=\"elementor-element elementor-element-22458f1 e-flex e-con-boxed elementor-invisible e-con e-parent\" data-id=\"22458f1\" data-element_type=\"container\" data-e-type=\"container\" data-settings=\"{&quot;animation&quot;:&quot;fadeInUp&quot;}\">\n\t\t\t\t\t<div class=\"e-con-inner\">\n\t\t<div class=\"elementor-element elementor-element-e85b2fc e-con-full e-flex e-con e-child\" data-id=\"e85b2fc\" data-element_type=\"container\" data-e-type=\"container\">\n\t\t\t\t<div class=\"elementor-element elementor-element-c81d340 elementor-widget elementor-widget-image\" data-id=\"c81d340\" data-element_type=\"widget\" data-e-type=\"widget\" data-widget_type=\"image.default\">\n\t\t\t\t<div class=\"elementor-widget-container\">\n\t\t\t\t\t\t\t\t\t\t\t\t\t\t\t<img fetchpriority=\"high\" decoding=\"async\" width=\"1024\" height=\"650\" src=\"https:\/\/javflatpanel.com\/wp-content\/uploads\/2025\/08\/JAV-Tap-\u540c\u5c4f\u5668\u6295\u5c4f-1-1024x650.png\" class=\"attachment-large size-large wp-image-3950\" alt=\"\" srcset=\"https:\/\/javflatpanel.com\/wp-content\/uploads\/2025\/08\/JAV-Tap-\u540c\u5c4f\u5668\u6295\u5c4f-1-1024x650.png 1024w, https:\/\/javflatpanel.com\/wp-content\/uploads\/2025\/08\/JAV-Tap-\u540c\u5c4f\u5668\u6295\u5c4f-1-300x190.png 300w, https:\/\/javflatpanel.com\/wp-content\/uploads\/2025\/08\/JAV-Tap-\u540c\u5c4f\u5668\u6295\u5c4f-1-768x487.png 768w, https:\/\/javflatpanel.com\/wp-content\/uploads\/2025\/08\/JAV-Tap-\u540c\u5c4f\u5668\u6295\u5c4f-1-1536x975.png 1536w, https:\/\/javflatpanel.com\/wp-content\/uploads\/2025\/08\/JAV-Tap-\u540c\u5c4f\u5668\u6295\u5c4f-1-2048x1299.png 2048w\" sizes=\"(max-width: 1024px) 100vw, 1024px\" \/>\t\t\t\t\t\t\t\t\t\t\t\t\t\t\t<\/div>\n\t\t\t\t<\/div>\n\t\t\t\t<\/div>\n\t\t<div class=\"elementor-element elementor-element-12261bb e-con-full e-flex e-con e-child\" data-id=\"12261bb\" data-element_type=\"container\" data-e-type=\"container\">\n\t\t\t\t<div class=\"elementor-element elementor-element-0cb9238 elementor-widget elementor-widget-heading\" data-id=\"0cb9238\" data-element_type=\"widget\" data-e-type=\"widget\" data-widget_type=\"heading.default\">\n\t\t\t\t<div class=\"elementor-widget-container\">\n\t\t\t\t\t<h2 class=\"elementor-heading-title elementor-size-default\">Produktmerkmale<\/h2>\t\t\t\t<\/div>\n\t\t\t\t<\/div>\n\t\t\t\t<div class=\"elementor-element elementor-element-9ddb709 elementor-widget elementor-widget-text-editor\" data-id=\"9ddb709\" data-element_type=\"widget\" data-e-type=\"widget\" data-widget_type=\"text-editor.default\">\n\t\t\t\t<div class=\"elementor-widget-container\">\n\t\t\t\t\t\t\t\t\t<ul><li>Kein Kabel erforderlich.<\/li><li>Kein Netzwerk erforderlich.<\/li><li>Kein Fahrer erforderlich.<\/li><li>5 Sekunden schnelle Paarung.<\/li><li>Weitgehende Vernetzung.<\/li><li>Mehrere Bildschirme gleichzeitig nutzen.<\/li><li>Touch-Back-Steuerung.<\/li><li>Stabil und sicher.<\/li><\/ul>\t\t\t\t\t\t\t\t<\/div>\n\t\t\t\t<\/div>\n\t\t\t\t<\/div>\n\t\t\t\t\t<\/div>\n\t\t\t\t<\/div>\n\t\t<div class=\"elementor-element elementor-element-2271c5b e-flex e-con-boxed elementor-invisible e-con e-parent\" data-id=\"2271c5b\" data-element_type=\"container\" data-e-type=\"container\" data-settings=\"{&quot;animation&quot;:&quot;fadeInUp&quot;}\">\n\t\t\t\t\t<div class=\"e-con-inner\">\n\t\t<div class=\"elementor-element elementor-element-b0adc1b e-con-full e-flex e-con e-child\" data-id=\"b0adc1b\" data-element_type=\"container\" data-e-type=\"container\">\n\t\t\t\t<div class=\"elementor-element elementor-element-4985543 elementor-widget elementor-widget-heading\" data-id=\"4985543\" data-element_type=\"widget\" data-e-type=\"widget\" data-widget_type=\"heading.default\">\n\t\t\t\t<div class=\"elementor-widget-container\">\n\t\t\t\t\t<h2 class=\"elementor-heading-title elementor-size-default\">Plug-and-Play mit zwei Schritten<\/h2>\t\t\t\t<\/div>\n\t\t\t\t<\/div>\n\t\t\t\t<div class=\"elementor-element elementor-element-1204878 elementor-widget elementor-widget-text-editor\" data-id=\"1204878\" data-element_type=\"widget\" data-e-type=\"widget\" data-widget_type=\"text-editor.default\">\n\t\t\t\t<div class=\"elementor-widget-container\">\n\t\t\t\t\t\t\t\t\t<ul><li>Stecken Sie JAV Tap in JAV Board 10, um die Kopplung in Sekundenschnelle herzustellen.<\/li><li>Stecken Sie es nach erfolgreicher Kopplung wieder in Ihren Laptop, um die Bildschirmfreigabe zu starten.<\/li><li>Kein Kabel erforderlich, kein Netzwerk erforderlich, kein Treiber erforderlich<\/li><\/ul>\t\t\t\t\t\t\t\t<\/div>\n\t\t\t\t<\/div>\n\t\t\t\t<\/div>\n\t\t<div class=\"elementor-element elementor-element-f9c37cd e-con-full e-flex e-con e-child\" data-id=\"f9c37cd\" data-element_type=\"container\" data-e-type=\"container\">\n\t\t\t\t<div class=\"elementor-element elementor-element-be8a18a elementor-widget elementor-widget-image\" data-id=\"be8a18a\" data-element_type=\"widget\" data-e-type=\"widget\" data-widget_type=\"image.default\">\n\t\t\t\t<div class=\"elementor-widget-container\">\n\t\t\t\t\t\t\t\t\t\t\t\t\t\t\t<img decoding=\"async\" width=\"1024\" height=\"700\" src=\"https:\/\/javflatpanel.com\/wp-content\/uploads\/2025\/08\/\u65e0\u7ebf\u540c\u5c4f-\u540c\u5c4f\u5668\u540c\u5c4f-1-1024x700.png\" class=\"attachment-large size-large wp-image-3954\" alt=\"\" srcset=\"https:\/\/javflatpanel.com\/wp-content\/uploads\/2025\/08\/\u65e0\u7ebf\u540c\u5c4f-\u540c\u5c4f\u5668\u540c\u5c4f-1-1024x700.png 1024w, https:\/\/javflatpanel.com\/wp-content\/uploads\/2025\/08\/\u65e0\u7ebf\u540c\u5c4f-\u540c\u5c4f\u5668\u540c\u5c4f-1-300x205.png 300w, https:\/\/javflatpanel.com\/wp-content\/uploads\/2025\/08\/\u65e0\u7ebf\u540c\u5c4f-\u540c\u5c4f\u5668\u540c\u5c4f-1-768x525.png 768w, https:\/\/javflatpanel.com\/wp-content\/uploads\/2025\/08\/\u65e0\u7ebf\u540c\u5c4f-\u540c\u5c4f\u5668\u540c\u5c4f-1.png 1320w\" sizes=\"(max-width: 1024px) 100vw, 1024px\" \/>\t\t\t\t\t\t\t\t\t\t\t\t\t\t\t<\/div>\n\t\t\t\t<\/div>\n\t\t\t\t<\/div>\n\t\t\t\t\t<\/div>\n\t\t\t\t<\/div>\n\t\t<div class=\"elementor-element elementor-element-762f86c e-flex e-con-boxed elementor-invisible e-con e-parent\" data-id=\"762f86c\" data-element_type=\"container\" data-e-type=\"container\" data-settings=\"{&quot;animation&quot;:&quot;fadeInUp&quot;}\">\n\t\t\t\t\t<div class=\"e-con-inner\">\n\t\t<div class=\"elementor-element elementor-element-5094369 e-con-full e-flex e-con e-child\" data-id=\"5094369\" data-element_type=\"container\" data-e-type=\"container\">\n\t\t\t\t<div class=\"elementor-element elementor-element-af91de0 elementor-widget elementor-widget-image\" data-id=\"af91de0\" data-element_type=\"widget\" data-e-type=\"widget\" data-widget_type=\"image.default\">\n\t\t\t\t<div class=\"elementor-widget-container\">\n\t\t\t\t\t\t\t\t\t\t\t\t\t\t\t<img decoding=\"async\" width=\"660\" height=\"451\" src=\"https:\/\/javflatpanel.com\/wp-content\/uploads\/2025\/10\/jav-tap-supports-multiple-devices-across-different-platforms.webp\" class=\"attachment-large size-large wp-image-6224\" alt=\"jav tap unterst\u00fctzt mehrere Ger\u00e4te auf verschiedenen Plattformen.\" srcset=\"https:\/\/javflatpanel.com\/wp-content\/uploads\/2025\/10\/jav-tap-supports-multiple-devices-across-different-platforms.webp 660w, https:\/\/javflatpanel.com\/wp-content\/uploads\/2025\/10\/jav-tap-supports-multiple-devices-across-different-platforms-300x205.webp 300w\" sizes=\"(max-width: 660px) 100vw, 660px\" \/>\t\t\t\t\t\t\t\t\t\t\t\t\t\t\t<\/div>\n\t\t\t\t<\/div>\n\t\t\t\t<\/div>\n\t\t<div class=\"elementor-element elementor-element-582892f e-con-full e-flex e-con e-child\" data-id=\"582892f\" data-element_type=\"container\" data-e-type=\"container\">\n\t\t\t\t<div class=\"elementor-element elementor-element-4de5fc7 elementor-widget elementor-widget-heading\" data-id=\"4de5fc7\" data-element_type=\"widget\" data-e-type=\"widget\" data-widget_type=\"heading.default\">\n\t\t\t\t<div class=\"elementor-widget-container\">\n\t\t\t\t\t<h2 class=\"elementor-heading-title elementor-size-default\">Weitgehende Vernetzung<\/h2>\t\t\t\t<\/div>\n\t\t\t\t<\/div>\n\t\t\t\t<div class=\"elementor-element elementor-element-9d3c719 elementor-widget elementor-widget-text-editor\" data-id=\"9d3c719\" data-element_type=\"widget\" data-e-type=\"widget\" data-widget_type=\"text-editor.default\">\n\t\t\t\t<div class=\"elementor-widget-container\">\n\t\t\t\t\t\t\t\t\t<p>Unser JAV Tap ist mit USB- und Typ-C-Anschl\u00fcssen ausgestattet und somit mit allen Windows-, MacOS-, iPadOS- und Android-Ger\u00e4ten kompatibel. Er bietet eine vielseitige und flexible L\u00f6sung f\u00fcr die Bildschirmfreigabe.<\/p>\t\t\t\t\t\t\t\t<\/div>\n\t\t\t\t<\/div>\n\t\t\t\t<\/div>\n\t\t\t\t\t<\/div>\n\t\t\t\t<\/div>\n\t\t<div class=\"elementor-element elementor-element-8766633 e-flex e-con-boxed elementor-invisible e-con e-parent\" data-id=\"8766633\" data-element_type=\"container\" data-e-type=\"container\" data-settings=\"{&quot;animation&quot;:&quot;fadeInUp&quot;}\">\n\t\t\t\t\t<div class=\"e-con-inner\">\n\t\t<div class=\"elementor-element elementor-element-4b1c47e e-con-full e-flex e-con e-child\" data-id=\"4b1c47e\" data-element_type=\"container\" data-e-type=\"container\">\n\t\t\t\t<div class=\"elementor-element elementor-element-c7a7776 elementor-widget elementor-widget-heading\" data-id=\"c7a7776\" data-element_type=\"widget\" data-e-type=\"widget\" data-widget_type=\"heading.default\">\n\t\t\t\t<div class=\"elementor-widget-container\">\n\t\t\t\t\t<h2 class=\"elementor-heading-title elementor-size-default\">Touch-Back-Steuerung<\/h2>\t\t\t\t<\/div>\n\t\t\t\t<\/div>\n\t\t\t\t<div class=\"elementor-element elementor-element-6314f1f elementor-widget elementor-widget-text-editor\" data-id=\"6314f1f\" data-element_type=\"widget\" data-e-type=\"widget\" data-widget_type=\"text-editor.default\">\n\t\t\t\t<div class=\"elementor-widget-container\">\n\t\t\t\t\t\t\t\t\t<p>Wenn wir den Bildschirm unseres Mobilger\u00e4ts auf das JAV Board \u00fcbertragen, k\u00f6nnen wir die Bildschirm\u00fcbertragung direkt \u00fcber das JAV Board steuern, anstatt die eingeschr\u00e4nkte Steuerung \u00fcber unser Mobilger\u00e4t vornehmen zu m\u00fcssen.<\/p>\t\t\t\t\t\t\t\t<\/div>\n\t\t\t\t<\/div>\n\t\t\t\t<\/div>\n\t\t<div class=\"elementor-element elementor-element-4f19530 e-con-full e-flex e-con e-child\" data-id=\"4f19530\" data-element_type=\"container\" data-e-type=\"container\">\n\t\t\t\t<div class=\"elementor-element elementor-element-f73c1ec elementor-widget elementor-widget-image\" data-id=\"f73c1ec\" data-element_type=\"widget\" data-e-type=\"widget\" data-widget_type=\"image.default\">\n\t\t\t\t<div class=\"elementor-widget-container\">\n\t\t\t\t\t\t\t\t\t\t\t\t\t\t\t<img loading=\"lazy\" decoding=\"async\" width=\"1320\" height=\"902\" src=\"https:\/\/javflatpanel.com\/wp-content\/uploads\/2025\/10\/touch-back-control-with-JAV-Tap.gif\" class=\"attachment-full size-full wp-image-6383\" alt=\"Touch-R\u00fcckseitensteuerung mit JAV Tap\" \/>\t\t\t\t\t\t\t\t\t\t\t\t\t\t\t<\/div>\n\t\t\t\t<\/div>\n\t\t\t\t<\/div>\n\t\t\t\t\t<\/div>\n\t\t\t\t<\/div>\n\t\t<div class=\"elementor-element elementor-element-190fee5 e-flex e-con-boxed e-con e-parent\" data-id=\"190fee5\" data-element_type=\"container\" data-e-type=\"container\">\n\t\t\t\t\t<div class=\"e-con-inner\">\n\t\t<div class=\"elementor-element elementor-element-9e6ec3c e-con-full e-flex e-con e-child\" data-id=\"9e6ec3c\" data-element_type=\"container\" data-e-type=\"container\">\n\t\t\t\t<div class=\"elementor-element elementor-element-de767f9 elementor-widget elementor-widget-image\" data-id=\"de767f9\" data-element_type=\"widget\" data-e-type=\"widget\" data-widget_type=\"image.default\">\n\t\t\t\t<div class=\"elementor-widget-container\">\n\t\t\t\t\t\t\t\t\t\t\t\t\t\t\t<img loading=\"lazy\" decoding=\"async\" width=\"645\" height=\"525\" src=\"https:\/\/javflatpanel.com\/wp-content\/uploads\/2025\/10\/jav-tap-screen-sharing-without-internet.webp\" class=\"attachment-large size-large wp-image-6231\" alt=\"jav tap Bildschirmfreigabe ohne Internet\" srcset=\"https:\/\/javflatpanel.com\/wp-content\/uploads\/2025\/10\/jav-tap-screen-sharing-without-internet.webp 645w, https:\/\/javflatpanel.com\/wp-content\/uploads\/2025\/10\/jav-tap-screen-sharing-without-internet-300x244.webp 300w\" sizes=\"(max-width: 645px) 100vw, 645px\" \/>\t\t\t\t\t\t\t\t\t\t\t\t\t\t\t<\/div>\n\t\t\t\t<\/div>\n\t\t\t\t<\/div>\n\t\t<div class=\"elementor-element elementor-element-0858a51 e-con-full e-flex e-con e-child\" data-id=\"0858a51\" data-element_type=\"container\" data-e-type=\"container\">\n\t\t\t\t<div class=\"elementor-element elementor-element-3252a5f elementor-widget elementor-widget-heading\" data-id=\"3252a5f\" data-element_type=\"widget\" data-e-type=\"widget\" data-widget_type=\"heading.default\">\n\t\t\t\t<div class=\"elementor-widget-container\">\n\t\t\t\t\t<h2 class=\"elementor-heading-title elementor-size-default\">Stabil und sicher<\/h2>\t\t\t\t<\/div>\n\t\t\t\t<\/div>\n\t\t\t\t<div class=\"elementor-element elementor-element-981a496 elementor-widget elementor-widget-text-editor\" data-id=\"981a496\" data-element_type=\"widget\" data-e-type=\"widget\" data-widget_type=\"text-editor.default\">\n\t\t\t\t<div class=\"elementor-widget-container\">\n\t\t\t\t\t\t\t\t\t<p>Die gesamte Bildschirmfreigabe funktioniert auch ohne Netzwerkverbindung, sodass unser Meeting stabil und sicher ohne Bedrohungen aus dem Internet ablaufen kann.<\/p>\t\t\t\t\t\t\t\t<\/div>\n\t\t\t\t<\/div>\n\t\t\t\t<\/div>\n\t\t\t\t\t<\/div>\n\t\t\t\t<\/div>\n\t\t<div class=\"elementor-element elementor-element-1f325d7 e-flex e-con-boxed e-con e-parent\" data-id=\"1f325d7\" data-element_type=\"container\" data-e-type=\"container\">\n\t\t\t\t\t<div class=\"e-con-inner\">\n\t\t\t\t\t<\/div>\n\t\t\t\t<\/div>\n\t\t\t\t<\/div>","protected":false},"excerpt":{"rendered":"<p>JAV Tap A compact device for wireless screen sharing Product Features No cable required. No network required. No driver required. 5s rapid pairing. Wide connectivity. Multi-screen sharing. Touch-back control. Stable and secure. Plug and Play with Two Dteps Insert JAV Tap to JAV Board 10 for pairing in seconds Reinsert it to your laptop after&#8230;<\/p>","protected":false},"author":1,"featured_media":0,"parent":8501,"menu_order":0,"comment_status":"closed","ping_status":"closed","template":"","meta":{"_acf_changed":false,"_kad_post_transparent":"","_kad_post_title":"hide","_kad_post_layout":"fullwidth","_kad_post_sidebar_id":"","_kad_post_content_style":"unboxed","_kad_post_vertical_padding":"hide","_kad_post_feature":"hide","_kad_post_feature_position":"","_kad_post_header":false,"_kad_post_footer":false,"_kad_post_classname":"","footnotes":""},"class_list":["post-201","page","type-page","status-publish","hentry"],"acf":[],"yoast_head":"<!-- This site is optimized with the Yoast SEO plugin v27.3 - https:\/\/yoast.com\/product\/yoast-seo-wordpress\/ -->\n<title>JAV Tap - JAV Board<\/title>\n<meta name=\"description\" content=\"Explore JAV Tap \u2013 a seamless screen sharing device for JAV Smart Boards. Share content easily from PCs, MacBooks, iOS, and Android devices.\" \/>\n<meta name=\"robots\" content=\"index, follow, max-snippet:-1, max-image-preview:large, max-video-preview:-1\" \/>\n<link rel=\"canonical\" href=\"https:\/\/javflatpanel.com\/de\/produkte\/jav-tap\/\" \/>\n<meta property=\"og:locale\" content=\"de_DE\" \/>\n<meta property=\"og:type\" content=\"article\" \/>\n<meta property=\"og:title\" content=\"JAV Tap - JAV Board\" \/>\n<meta property=\"og:description\" content=\"Explore JAV Tap \u2013 a seamless screen sharing device for JAV Smart Boards. Share content easily from PCs, MacBooks, iOS, and Android devices.\" \/>\n<meta property=\"og:url\" content=\"https:\/\/javflatpanel.com\/de\/produkte\/jav-tap\/\" \/>\n<meta property=\"og:site_name\" content=\"JAV Board\" \/>\n<meta property=\"article:publisher\" content=\"https:\/\/www.facebook.com\/javboard\" \/>\n<meta property=\"article:modified_time\" content=\"2026-04-07T07:34:46+00:00\" \/>\n<meta property=\"og:image\" content=\"https:\/\/javflatpanel.com\/wp-content\/uploads\/2025\/10\/jav-tap-supports-multiple-devices-across-different-platforms.webp\" \/>\n<meta name=\"twitter:card\" content=\"summary_large_image\" \/>\n<meta name=\"twitter:label1\" content=\"Gesch\u00e4tzte Lesezeit\" \/>\n\t<meta name=\"twitter:data1\" content=\"2\u00a0Minuten\" \/>\n<script type=\"application\/ld+json\" class=\"yoast-schema-graph\">{\"@context\":\"https:\\\/\\\/schema.org\",\"@graph\":[{\"@type\":\"WebPage\",\"@id\":\"https:\\\/\\\/javflatpanel.com\\\/products\\\/jav-tap\\\/\",\"url\":\"https:\\\/\\\/javflatpanel.com\\\/products\\\/jav-tap\\\/\",\"name\":\"JAV Tap - JAV Board\",\"isPartOf\":{\"@id\":\"https:\\\/\\\/javflatpanel.com\\\/#website\"},\"primaryImageOfPage\":{\"@id\":\"https:\\\/\\\/javflatpanel.com\\\/products\\\/jav-tap\\\/#primaryimage\"},\"image\":{\"@id\":\"https:\\\/\\\/javflatpanel.com\\\/products\\\/jav-tap\\\/#primaryimage\"},\"thumbnailUrl\":\"https:\\\/\\\/javflatpanel.com\\\/wp-content\\\/uploads\\\/2025\\\/10\\\/jav-tap-supports-multiple-devices-across-different-platforms.webp\",\"datePublished\":\"2025-07-01T06:16:27+00:00\",\"dateModified\":\"2026-04-07T07:34:46+00:00\",\"description\":\"Explore JAV Tap \u2013 a seamless screen sharing device for JAV Smart Boards. Share content easily from PCs, MacBooks, iOS, and Android devices.\",\"breadcrumb\":{\"@id\":\"https:\\\/\\\/javflatpanel.com\\\/products\\\/jav-tap\\\/#breadcrumb\"},\"inLanguage\":\"de\",\"potentialAction\":[{\"@type\":\"ReadAction\",\"target\":[\"https:\\\/\\\/javflatpanel.com\\\/products\\\/jav-tap\\\/\"]}]},{\"@type\":\"ImageObject\",\"inLanguage\":\"de\",\"@id\":\"https:\\\/\\\/javflatpanel.com\\\/products\\\/jav-tap\\\/#primaryimage\",\"url\":\"https:\\\/\\\/javflatpanel.com\\\/wp-content\\\/uploads\\\/2025\\\/10\\\/jav-tap-supports-multiple-devices-across-different-platforms.webp\",\"contentUrl\":\"https:\\\/\\\/javflatpanel.com\\\/wp-content\\\/uploads\\\/2025\\\/10\\\/jav-tap-supports-multiple-devices-across-different-platforms.webp\"},{\"@type\":\"BreadcrumbList\",\"@id\":\"https:\\\/\\\/javflatpanel.com\\\/products\\\/jav-tap\\\/#breadcrumb\",\"itemListElement\":[{\"@type\":\"ListItem\",\"position\":1,\"name\":\"Home\",\"item\":\"https:\\\/\\\/javflatpanel.com\\\/\"},{\"@type\":\"ListItem\",\"position\":2,\"name\":\"Products\",\"item\":\"https:\\\/\\\/javflatpanel.com\\\/products\\\/\"},{\"@type\":\"ListItem\",\"position\":3,\"name\":\"JAV Tap\"}]},{\"@type\":\"WebSite\",\"@id\":\"https:\\\/\\\/javflatpanel.com\\\/#website\",\"url\":\"https:\\\/\\\/javflatpanel.com\\\/\",\"name\":\"JAV Board\",\"description\":\"All-in-one device for meeting, teaching, and home use.\",\"publisher\":{\"@id\":\"https:\\\/\\\/javflatpanel.com\\\/#organization\"},\"alternateName\":\"JAV Board\",\"potentialAction\":[{\"@type\":\"SearchAction\",\"target\":{\"@type\":\"EntryPoint\",\"urlTemplate\":\"https:\\\/\\\/javflatpanel.com\\\/?s={search_term_string}\"},\"query-input\":{\"@type\":\"PropertyValueSpecification\",\"valueRequired\":true,\"valueName\":\"search_term_string\"}}],\"inLanguage\":\"de\"},{\"@type\":\"Organization\",\"@id\":\"https:\\\/\\\/javflatpanel.com\\\/#organization\",\"name\":\"JAV Electronics\",\"url\":\"https:\\\/\\\/javflatpanel.com\\\/\",\"logo\":{\"@type\":\"ImageObject\",\"inLanguage\":\"de\",\"@id\":\"https:\\\/\\\/javflatpanel.com\\\/#\\\/schema\\\/logo\\\/image\\\/\",\"url\":\"https:\\\/\\\/javflatpanel.com\\\/wp-content\\\/uploads\\\/2025\\\/05\\\/JAV_logo-1030-350x100-1.png\",\"contentUrl\":\"https:\\\/\\\/javflatpanel.com\\\/wp-content\\\/uploads\\\/2025\\\/05\\\/JAV_logo-1030-350x100-1.png\",\"width\":350,\"height\":100,\"caption\":\"JAV Electronics\"},\"image\":{\"@id\":\"https:\\\/\\\/javflatpanel.com\\\/#\\\/schema\\\/logo\\\/image\\\/\"},\"sameAs\":[\"https:\\\/\\\/www.facebook.com\\\/javboard\"]}]}<\/script>\n<!-- \/ Yoast SEO plugin. -->","yoast_head_json":{"title":"JAV Tap - JAV Board","description":"Entdecken Sie JAV Tap \u2013 ein nahtloses Bildschirm\u00fcbertragungstool f\u00fcr JAV Smart Boards. Teilen Sie Inhalte ganz einfach von PCs, MacBooks, iOS- und Android-Ger\u00e4ten.","robots":{"index":"index","follow":"follow","max-snippet":"max-snippet:-1","max-image-preview":"max-image-preview:large","max-video-preview":"max-video-preview:-1"},"canonical":"https:\/\/javflatpanel.com\/de\/produkte\/jav-tap\/","og_locale":"de_DE","og_type":"article","og_title":"JAV Tap - JAV Board","og_description":"Explore JAV Tap \u2013 a seamless screen sharing device for JAV Smart Boards. Share content easily from PCs, MacBooks, iOS, and Android devices.","og_url":"https:\/\/javflatpanel.com\/de\/produkte\/jav-tap\/","og_site_name":"JAV Board","article_publisher":"https:\/\/www.facebook.com\/javboard","article_modified_time":"2026-04-07T07:34:46+00:00","og_image":[{"url":"https:\/\/javflatpanel.com\/wp-content\/uploads\/2025\/10\/jav-tap-supports-multiple-devices-across-different-platforms.webp","type":"","width":"","height":""}],"twitter_card":"summary_large_image","twitter_misc":{"Gesch\u00e4tzte Lesezeit":"2\u00a0Minuten"},"schema":{"@context":"https:\/\/schema.org","@graph":[{"@type":"WebPage","@id":"https:\/\/javflatpanel.com\/products\/jav-tap\/","url":"https:\/\/javflatpanel.com\/products\/jav-tap\/","name":"JAV Tap - JAV Board","isPartOf":{"@id":"https:\/\/javflatpanel.com\/#website"},"primaryImageOfPage":{"@id":"https:\/\/javflatpanel.com\/products\/jav-tap\/#primaryimage"},"image":{"@id":"https:\/\/javflatpanel.com\/products\/jav-tap\/#primaryimage"},"thumbnailUrl":"https:\/\/javflatpanel.com\/wp-content\/uploads\/2025\/10\/jav-tap-supports-multiple-devices-across-different-platforms.webp","datePublished":"2025-07-01T06:16:27+00:00","dateModified":"2026-04-07T07:34:46+00:00","description":"Entdecken Sie JAV Tap \u2013 ein nahtloses Bildschirm\u00fcbertragungstool f\u00fcr JAV Smart Boards. Teilen Sie Inhalte ganz einfach von PCs, MacBooks, iOS- und Android-Ger\u00e4ten.","breadcrumb":{"@id":"https:\/\/javflatpanel.com\/products\/jav-tap\/#breadcrumb"},"inLanguage":"de","potentialAction":[{"@type":"ReadAction","target":["https:\/\/javflatpanel.com\/products\/jav-tap\/"]}]},{"@type":"ImageObject","inLanguage":"de","@id":"https:\/\/javflatpanel.com\/products\/jav-tap\/#primaryimage","url":"https:\/\/javflatpanel.com\/wp-content\/uploads\/2025\/10\/jav-tap-supports-multiple-devices-across-different-platforms.webp","contentUrl":"https:\/\/javflatpanel.com\/wp-content\/uploads\/2025\/10\/jav-tap-supports-multiple-devices-across-different-platforms.webp"},{"@type":"BreadcrumbList","@id":"https:\/\/javflatpanel.com\/products\/jav-tap\/#breadcrumb","itemListElement":[{"@type":"ListItem","position":1,"name":"Home","item":"https:\/\/javflatpanel.com\/"},{"@type":"ListItem","position":2,"name":"Products","item":"https:\/\/javflatpanel.com\/products\/"},{"@type":"ListItem","position":3,"name":"JAV Tap"}]},{"@type":"WebSite","@id":"https:\/\/javflatpanel.com\/#website","url":"https:\/\/javflatpanel.com\/","name":"JAV Board","description":"All-in-One-Ger\u00e4t f\u00fcr Meetings, Unterricht und den Heimgebrauch.","publisher":{"@id":"https:\/\/javflatpanel.com\/#organization"},"alternateName":"JAV Board","potentialAction":[{"@type":"SearchAction","target":{"@type":"EntryPoint","urlTemplate":"https:\/\/javflatpanel.com\/?s={search_term_string}"},"query-input":{"@type":"PropertyValueSpecification","valueRequired":true,"valueName":"search_term_string"}}],"inLanguage":"de"},{"@type":"Organization","@id":"https:\/\/javflatpanel.com\/#organization","name":"JAV Electronics","url":"https:\/\/javflatpanel.com\/","logo":{"@type":"ImageObject","inLanguage":"de","@id":"https:\/\/javflatpanel.com\/#\/schema\/logo\/image\/","url":"https:\/\/javflatpanel.com\/wp-content\/uploads\/2025\/05\/JAV_logo-1030-350x100-1.png","contentUrl":"https:\/\/javflatpanel.com\/wp-content\/uploads\/2025\/05\/JAV_logo-1030-350x100-1.png","width":350,"height":100,"caption":"JAV Electronics"},"image":{"@id":"https:\/\/javflatpanel.com\/#\/schema\/logo\/image\/"},"sameAs":["https:\/\/www.facebook.com\/javboard"]}]}},"_hostinger_reach_plugin_has_subscription_block":false,"_hostinger_reach_plugin_is_elementor":false,"_links":{"self":[{"href":"https:\/\/javflatpanel.com\/de\/wp-json\/wp\/v2\/pages\/201","targetHints":{"allow":["GET"]}}],"collection":[{"href":"https:\/\/javflatpanel.com\/de\/wp-json\/wp\/v2\/pages"}],"about":[{"href":"https:\/\/javflatpanel.com\/de\/wp-json\/wp\/v2\/types\/page"}],"author":[{"embeddable":true,"href":"https:\/\/javflatpanel.com\/de\/wp-json\/wp\/v2\/users\/1"}],"replies":[{"embeddable":true,"href":"https:\/\/javflatpanel.com\/de\/wp-json\/wp\/v2\/comments?post=201"}],"version-history":[{"count":136,"href":"https:\/\/javflatpanel.com\/de\/wp-json\/wp\/v2\/pages\/201\/revisions"}],"predecessor-version":[{"id":9913,"href":"https:\/\/javflatpanel.com\/de\/wp-json\/wp\/v2\/pages\/201\/revisions\/9913"}],"up":[{"embeddable":true,"href":"https:\/\/javflatpanel.com\/de\/wp-json\/wp\/v2\/pages\/8501"}],"wp:attachment":[{"href":"https:\/\/javflatpanel.com\/de\/wp-json\/wp\/v2\/media?parent=201"}],"curies":[{"name":"wp","href":"https:\/\/api.w.org\/{rel}","templated":true}]}}