{"id":257,"date":"2025-07-01T07:39:52","date_gmt":"2025-07-01T07:39:52","guid":{"rendered":"https:\/\/javflatpanel.com\/?page_id=257"},"modified":"2025-10-31T01:36:08","modified_gmt":"2025-10-31T01:36:08","slug":"geschaftsbedingungen","status":"publish","type":"page","link":"https:\/\/javflatpanel.com\/de\/terms-conditions\/","title":{"rendered":"Terms &amp; Conditions\u200b"},"content":{"rendered":"<div data-elementor-type=\"wp-page\" data-elementor-id=\"257\" class=\"elementor elementor-257\" data-elementor-post-type=\"page\">\n\t\t\t\t<div class=\"elementor-element elementor-element-10d324c9 e-flex e-con-boxed e-con e-parent\" data-id=\"10d324c9\" data-element_type=\"container\" data-e-type=\"container\">\n\t\t\t\t\t<div class=\"e-con-inner\">\n\t\t\t\t<div class=\"elementor-element elementor-element-675ab951 elementor-widget elementor-widget-text-editor\" data-id=\"675ab951\" data-element_type=\"widget\" data-e-type=\"widget\" data-widget_type=\"text-editor.default\">\n\t\t\t\t<div class=\"elementor-widget-container\">\n\t\t\t\t\t\t\t\t\t\n<p>\u00a0<\/p>\n<h1>Gesch\u00e4ftsbedingungen<\/h1>\n<p>Letzte Aktualisierung: 1. Juli 2025<\/p>\n<p>Bitte lesen Sie diese Allgemeinen Gesch\u00e4ftsbedingungen sorgf\u00e4ltig durch, bevor Sie unseren Service nutzen.<\/p>\n<h3><strong><b>Interpretation und Definitionen<\/b><\/strong><\/h3>\n<h4><strong><b>Interpretation<\/b><\/strong><\/h4>\n<p>W\u00f6rter, deren Anfangsbuchstabe gro\u00dfgeschrieben ist, haben unter den folgenden Bedingungen definierte Bedeutungen. Die folgenden Definitionen gelten unabh\u00e4ngig davon, ob die W\u00f6rter im Singular oder Plural stehen.<\/p>\n<h4><strong><b>Definitionen<\/b><\/strong><\/h4>\n<p>Im Sinne dieser Allgemeinen Gesch\u00e4ftsbedingungen:<\/p>\n<p><strong>Affiliate<\/strong>\u00a0bezeichnet eine Einheit, die eine andere Einheit kontrolliert, von einer anderen Einheit kontrolliert wird oder mit einer anderen Einheit unter gemeinsamer Kontrolle steht, wobei \u201cKontrolle\u201d den Besitz von 50% oder mehr der Anteile, des Eigenkapitals oder anderer Wertpapiere bedeutet, die zur Wahl von Direktoren oder anderen F\u00fchrungskr\u00e4ften berechtigen.<\/p>\n<p><strong>Land<\/strong>\u00a0bezieht sich auf: China<\/p>\n<p><strong>Unternehmen<\/strong>\u00a0(im Folgenden auch \u201cdas Unternehmen\u201d, \u201cwir\u201d, \u201cuns\u201d oder \u201cunser\u201d genannt) bezieht sich auf Guangdong Deyuan Technology Co.,Ltd, Nr. 32, Xixiu Road of Motor City, Xiuquan Stra\u00dfe, Huadu Bezirk, Guangzhou Stadt, Provinz Guangdong.<\/p>\n<p><strong>Ger\u00e4t<\/strong>\u00a0bezeichnet jedes Ger\u00e4t, das auf den Dienst zugreifen kann, wie z. B. einen Computer, ein Mobiltelefon oder ein Tablet.<\/p>\n<p><strong>Service<\/strong>\u00a0bezieht sich auf die Website.<\/p>\n<p><strong>Gesch\u00e4ftsbedingungen<\/strong>\u00a0(auch \u201cBedingungen\u201d genannt) bezeichnet diese Allgemeinen Gesch\u00e4ftsbedingungen, die die gesamte Vereinbarung zwischen Ihnen und dem Unternehmen hinsichtlich der Nutzung des Dienstes bilden. Diese Allgemeinen Gesch\u00e4ftsbedingungen wurden mit Hilfe von \u2026 erstellt. <a href=\"https:\/\/www.termsfeed.com\/terms-conditions-generator\/\">Generator f\u00fcr Allgemeine Gesch\u00e4ftsbedingungen<\/a>.<\/p>\n<p><strong>Social-Media-Dienst von Drittanbietern<\/strong>\u00a0bezeichnet alle Dienste oder Inhalte (einschlie\u00dflich Daten, Informationen, Produkte oder Dienstleistungen), die von einem Dritten bereitgestellt werden und die vom Dienst angezeigt, eingebunden oder zur Verf\u00fcgung gestellt werden k\u00f6nnen.<\/p>\n<p><strong>Webseite<\/strong>\u00a0bezieht sich auf JAV, zug\u00e4nglich von <a href=\"https:\/\/javflatpanel.com\/de\/\">https:\/\/javflatpanel.com\/<\/a><\/p>\n<p><strong>Du<\/strong>\u00a0bezeichnet die Person, die auf den Dienst zugreift oder ihn nutzt, oder das Unternehmen oder eine andere juristische Person, in deren Namen diese Person auf den Dienst zugreift oder ihn nutzt.<\/p>\n<h3><strong><b>Anerkennung<\/b><\/strong><\/h3>\n<p>Dies sind die Nutzungsbedingungen f\u00fcr diesen Dienst und die Vereinbarung zwischen Ihnen und dem Unternehmen. Diese Nutzungsbedingungen legen die Rechte und Pflichten aller Nutzer im Zusammenhang mit der Nutzung des Dienstes fest.<\/p>\n<p>Ihr Zugriff auf und Ihre Nutzung des Dienstes unterliegen Ihrer Zustimmung zu und Einhaltung dieser Nutzungsbedingungen. Diese Nutzungsbedingungen gelten f\u00fcr alle Besucher, Nutzer und sonstige Personen, die auf den Dienst zugreifen oder ihn nutzen.<\/p>\n<p>Durch den Zugriff auf oder die Nutzung des Dienstes erkl\u00e4ren Sie sich mit diesen Nutzungsbedingungen einverstanden. Sollten Sie mit einem Teil dieser Nutzungsbedingungen nicht einverstanden sein, ist Ihnen der Zugriff auf den Dienst untersagt.<\/p>\n<p>Sie versichern, dass Sie \u00fcber 18 Jahre alt sind. Personen unter 18 Jahren ist die Nutzung des Dienstes nicht gestattet.<\/p>\n<p>Ihr Zugriff auf und Ihre Nutzung des Dienstes unterliegen Ihrer Zustimmung zu und Einhaltung der Datenschutzrichtlinie des Unternehmens. Unsere Datenschutzrichtlinie beschreibt unsere Vorgehensweise bei der Erhebung, Nutzung und Weitergabe Ihrer personenbezogenen Daten, wenn Sie die Anwendung oder die Website nutzen. Sie informiert Sie \u00fcber Ihre Datenschutzrechte und den gesetzlichen Schutz Ihrer Daten. Bitte lesen Sie unsere Datenschutzrichtlinie sorgf\u00e4ltig durch, bevor Sie unseren Dienst nutzen.<\/p>\n<h3><strong><b>Links zu anderen Websites<\/b><\/strong><\/h3>\n<p>Unser Service kann Links zu Webseiten oder Diensten Dritter enthalten, die nicht im Besitz des Unternehmens sind oder von diesem kontrolliert werden.<\/p>\n<p>Das Unternehmen hat keine Kontrolle \u00fcber die Inhalte, Datenschutzrichtlinien oder Praktiken von Webseiten oder Diensten Dritter und \u00fcbernimmt daf\u00fcr keine Verantwortung. Sie erkennen ferner an und stimmen zu, dass das Unternehmen weder direkt noch indirekt f\u00fcr Sch\u00e4den oder Verluste haftet, die durch die Nutzung oder das Vertrauen auf solche Inhalte, Waren oder Dienstleistungen, die auf oder \u00fcber solche Webseiten oder Dienste verf\u00fcgbar sind, verursacht wurden oder angeblich verursacht wurden.<\/p>\n<p>Wir empfehlen Ihnen dringend, die Allgemeinen Gesch\u00e4ftsbedingungen und Datenschutzrichtlinien aller von Ihnen besuchten Websites oder Dienste Dritter zu lesen.<\/p>\n<h3><strong><b>Beendigung<\/b><\/strong><\/h3>\n<p>Wir k\u00f6nnen Ihren Zugang aus beliebigem Grund, einschlie\u00dflich, aber nicht beschr\u00e4nkt auf einen Versto\u00df gegen diese Allgemeinen Gesch\u00e4ftsbedingungen, ohne vorherige Ank\u00fcndigung oder Haftung sofort beenden oder aussetzen.<\/p>\n<p>Mit der K\u00fcndigung erlischt Ihr Recht zur Nutzung des Dienstes unverz\u00fcglich.<\/p>\n<h3><strong><b>Haftungsbeschr\u00e4nkung<\/b><\/strong><\/h3>\n<p>Ungeachtet etwaiger Sch\u00e4den, die Ihnen entstehen k\u00f6nnten, ist die gesamte Haftung des Unternehmens und seiner Lieferanten gem\u00e4\u00df den Bestimmungen dieser Bedingungen sowie Ihr ausschlie\u00dflicher Rechtsbehelf f\u00fcr alle vorgenannten Punkte auf den Betrag beschr\u00e4nkt, den Sie tats\u00e4chlich \u00fcber den Dienst gezahlt haben, oder auf 100 USD, wenn Sie nichts \u00fcber den Dienst gekauft haben.<\/p>\n<p>Soweit dies nach geltendem Recht zul\u00e4ssig ist, haften das Unternehmen und seine Lieferanten in keinem Fall f\u00fcr besondere, zuf\u00e4llige, indirekte oder Folgesch\u00e4den jeglicher Art (einschlie\u00dflich, aber nicht beschr\u00e4nkt auf Sch\u00e4den aus entgangenem Gewinn, Verlust von Daten oder anderen Informationen, Betriebsunterbrechung, Personensch\u00e4den, Verlust der Privatsph\u00e4re, die aus der Nutzung oder der Unm\u00f6glichkeit der Nutzung des Dienstes, der mit dem Dienst verwendeten Software und\/oder Hardware Dritter oder anderweitig im Zusammenhang mit einer Bestimmung dieser Bedingungen entstehen oder damit in irgendeiner Weise zusammenh\u00e4ngen), selbst wenn das Unternehmen oder ein Lieferant auf die M\u00f6glichkeit solcher Sch\u00e4den hingewiesen wurde und selbst wenn der Rechtsbehelf seinen wesentlichen Zweck verfehlt.<\/p>\n<p>In einigen Bundesstaaten ist der Ausschluss stillschweigender Gew\u00e4hrleistungen oder die Haftungsbeschr\u00e4nkung f\u00fcr Neben- oder Folgesch\u00e4den nicht zul\u00e4ssig. Daher treffen einige der oben genannten Beschr\u00e4nkungen m\u00f6glicherweise nicht zu. In diesen Bundesstaaten ist die Haftung jeder Partei auf das gesetzlich maximal zul\u00e4ssige Ma\u00df beschr\u00e4nkt.<\/p>\n<h3><strong><b>\u201cWIE BESEHEN\u201d und \u201cWIE VERF\u00dcGBAR\u201d Haftungsausschluss<\/b><\/strong><\/h3>\n<p>Der Dienst wird Ihnen \u201cwie besehen\u201d und \u201cwie verf\u00fcgbar\u201d und mit allen Fehlern und M\u00e4ngeln ohne jegliche Gew\u00e4hrleistung bereitgestellt. Soweit gesetzlich zul\u00e4ssig, schlie\u00dft das Unternehmen im eigenen Namen sowie im Namen seiner verbundenen Unternehmen und deren jeweiligen Lizenzgeber und Dienstleister ausdr\u00fccklich alle Gew\u00e4hrleistungen in Bezug auf den Dienst aus, seien sie ausdr\u00fccklich, stillschweigend, gesetzlich oder anderweitig, einschlie\u00dflich aller stillschweigenden Gew\u00e4hrleistungen der Handels\u00fcblichkeit, der Eignung f\u00fcr einen bestimmten Zweck, des Eigentums und der Nichtverletzung von Rechten Dritter sowie Gew\u00e4hrleistungen, die sich aus dem Gesch\u00e4ftsverkehr, der Leistungserbringung, der Nutzung oder der Handelspraxis ergeben k\u00f6nnen. Ohne Einschr\u00e4nkung des Vorstehenden \u00fcbernimmt das Unternehmen keine Gew\u00e4hrleistung oder Zusicherung und gibt keinerlei Zusicherung, dass der Dienst Ihren Anforderungen entspricht, die beabsichtigten Ergebnisse erzielt, mit anderer Software, Anwendungen, Systemen oder Diensten kompatibel ist oder mit diesen zusammenarbeitet, ohne Unterbrechung funktioniert, Leistungs- oder Zuverl\u00e4ssigkeitsstandards erf\u00fcllt oder fehlerfrei ist oder dass Fehler oder M\u00e4ngel behoben werden k\u00f6nnen oder werden.<\/p>\n<p>Ohne die vorstehenden Ausf\u00fchrungen einzuschr\u00e4nken, geben weder das Unternehmen noch einer seiner Anbieter ausdr\u00fcckliche oder stillschweigende Zusicherungen oder Gew\u00e4hrleistungen jeglicher Art ab: (i) hinsichtlich des Betriebs oder der Verf\u00fcgbarkeit des Dienstes oder der darin enthaltenen Informationen, Inhalte und Materialien oder Produkte; (ii) dass der Dienst ununterbrochen oder fehlerfrei funktioniert; (iii) hinsichtlich der Genauigkeit, Zuverl\u00e4ssigkeit oder Aktualit\u00e4t von Informationen oder Inhalten, die \u00fcber den Dienst bereitgestellt werden; oder (iv) dass der Dienst, seine Server, die Inhalte oder E-Mails, die vom oder im Namen des Unternehmens versendet werden, frei von Viren, Skripten, Trojanern, W\u00fcrmern, Malware, Zeitbomben oder anderen sch\u00e4dlichen Komponenten sind.<\/p>\n<p>In einigen Rechtsordnungen ist der Ausschluss bestimmter Gew\u00e4hrleistungen oder die Einschr\u00e4nkung gesetzlicher Verbraucherrechte nicht zul\u00e4ssig. Daher treffen einige oder alle der oben genannten Ausschl\u00fcsse und Einschr\u00e4nkungen m\u00f6glicherweise nicht auf Sie zu. In diesem Fall gelten die in diesem Abschnitt aufgef\u00fchrten Ausschl\u00fcsse und Einschr\u00e4nkungen jedoch im gr\u00f6\u00dftm\u00f6glichen nach geltendem Recht zul\u00e4ssigen Umfang.<\/p>\n<h3><strong><b>Anwendbares Recht<\/b><\/strong><\/h3>\n<p>Die Gesetze des Landes, unter Ausschluss seiner Kollisionsnormen, regeln diese Nutzungsbedingungen und Ihre Nutzung des Dienstes. Ihre Nutzung der Anwendung kann dar\u00fcber hinaus weiteren lokalen, bundesstaatlichen, nationalen oder internationalen Gesetzen unterliegen.<\/p>\n<h3><strong><b>Streitbeilegung<\/b><\/strong><\/h3>\n<p>Sollten Sie Bedenken oder Streitigkeiten bez\u00fcglich des Dienstes haben, erkl\u00e4ren Sie sich damit einverstanden, zun\u00e4chst zu versuchen, die Streitigkeit informell durch Kontaktaufnahme mit dem Unternehmen beizulegen.<\/p>\n<h3><strong><b>F\u00fcr Nutzer aus der Europ\u00e4ischen Union (EU)<\/b><\/strong><\/h3>\n<p>Wenn Sie ein Verbraucher aus der Europ\u00e4ischen Union sind, profitieren Sie von allen zwingenden Bestimmungen des Rechts des Landes, in dem Sie Ihren Wohnsitz haben.<\/p>\n<h3><strong><b>Einhaltung der US-amerikanischen Rechtsvorschriften<\/b><\/strong><\/h3>\n<p>Sie versichern und gew\u00e4hrleisten, dass (i) Sie sich nicht in einem Land befinden, das einem Embargo der US-Regierung unterliegt oder von der US-Regierung als \u201cterrorunterst\u00fctzendes\u201d Land eingestuft wurde, und (ii) Sie nicht auf einer Liste der US-Regierung mit verbotenen oder eingeschr\u00e4nkten Parteien aufgef\u00fchrt sind.<\/p>\n<h3><strong><b>Salvatorische Klausel und Verzicht<\/b><\/strong><\/h3>\n<h4><strong><b>Salvatorische Klausel<\/b><\/strong><\/h4>\n<p>Sollte eine Bestimmung dieser Bedingungen f\u00fcr nicht durchsetzbar oder ung\u00fcltig befunden werden, wird diese Bestimmung so ge\u00e4ndert und ausgelegt, dass die mit dieser Bestimmung verfolgten Ziele im gr\u00f6\u00dftm\u00f6glichen Umfang nach geltendem Recht erreicht werden, und die \u00fcbrigen Bestimmungen bleiben in vollem Umfang in Kraft.<\/p>\n<h4><strong><b>Verzicht<\/b><\/strong><\/h4>\n<p>Sofern hierin nichts anderes bestimmt ist, hat die Nichtaus\u00fcbung eines Rechts oder die Nichtgeltendmachung einer Verpflichtung gem\u00e4\u00df diesen Bedingungen keinen Einfluss auf die M\u00f6glichkeit einer Partei, dieses Recht zu einem sp\u00e4teren Zeitpunkt auszu\u00fcben oder diese Verpflichtung zu verlangen; der Verzicht auf die Geltendmachung eines Versto\u00dfes stellt auch keinen Verzicht auf die Geltendmachung eines sp\u00e4teren Versto\u00dfes dar.<\/p>\n<h3><strong><b>\u00dcbersetzung Dolmetschen<\/b><\/strong><\/h3>\n<p>Diese Allgemeinen Gesch\u00e4ftsbedingungen wurden m\u00f6glicherweise \u00fcbersetzt, falls wir sie Ihnen \u00fcber unseren Service zur Verf\u00fcgung gestellt haben. Sie erkl\u00e4ren sich damit einverstanden, dass im Streitfall der englische Originaltext ma\u00dfgeblich ist.<\/p>\n<h3><strong><b>\u00c4nderungen dieser Allgemeinen Gesch\u00e4ftsbedingungen<\/b><\/strong><\/h3>\n<p>Wir behalten uns das Recht vor, diese Nutzungsbedingungen jederzeit nach eigenem Ermessen zu \u00e4ndern oder zu ersetzen. Im Falle einer wesentlichen \u00c4nderung werden wir uns nach besten Kr\u00e4ften bem\u00fchen, Sie mindestens 30 Tage vor Inkrafttreten der neuen Bedingungen zu informieren. Was eine wesentliche \u00c4nderung darstellt, liegt in unserem alleinigen Ermessen.<\/p>\n<p>Indem Sie unseren Service nach Inkrafttreten dieser \u00c4nderungen weiterhin nutzen, erkl\u00e4ren Sie sich mit den ge\u00e4nderten Bedingungen einverstanden. Sollten Sie den neuen Bedingungen weder ganz noch teilweise zustimmen, stellen Sie bitte die Nutzung der Website und des Services ein.<\/p>\n<h3><strong><b>Kontakt<\/b><\/strong><\/h3>\n<p>Bei Fragen zu diesen Allgemeinen Gesch\u00e4ftsbedingungen k\u00f6nnen Sie uns kontaktieren:<\/p>\n<p>Per E-Mail: sales@javflatpanel.com<\/p>\n<p>Per Telefon: 0086-20-86163817<\/p>\n\t\t\t\t\t\t\t\t<\/div>\n\t\t\t\t<\/div>\n\t\t\t\t\t<\/div>\n\t\t\t\t<\/div>\n\t\t\t\t<\/div>","protected":false},"excerpt":{"rendered":"<p>\u00a0 Terms and Conditions Last updated: July 01, 2025 Please read these terms and conditions carefully before using Our Service. Interpretation and Definitions Interpretation The words of which the initial letter is capitalized have meanings defined under the following conditions. The following definitions shall have the same meaning regardless of whether they appear in singular&#8230;<\/p>","protected":false},"author":1,"featured_media":0,"parent":0,"menu_order":0,"comment_status":"closed","ping_status":"closed","template":"","meta":{"_acf_changed":false,"_kad_post_transparent":"","_kad_post_title":"","_kad_post_layout":"","_kad_post_sidebar_id":"","_kad_post_content_style":"","_kad_post_vertical_padding":"","_kad_post_feature":"","_kad_post_feature_position":"","_kad_post_header":false,"_kad_post_footer":false,"_kad_post_classname":"","footnotes":""},"class_list":["post-257","page","type-page","status-publish","hentry"],"acf":[],"yoast_head":"<!-- This site is optimized with the Yoast SEO plugin v27.3 - https:\/\/yoast.com\/product\/yoast-seo-wordpress\/ -->\n<title>Terms &amp; Conditions\u200b - JAV Board<\/title>\n<meta name=\"description\" content=\"Read JAV Board\u2019s Terms &amp; Conditions to understand the rules, rights, and responsibilities when using our website and purchasing our products.\" \/>\n<meta name=\"robots\" content=\"index, follow, max-snippet:-1, max-image-preview:large, max-video-preview:-1\" \/>\n<link rel=\"canonical\" href=\"https:\/\/javflatpanel.com\/de\/geschaftsbedingungen\/\" \/>\n<meta property=\"og:locale\" content=\"de_DE\" \/>\n<meta property=\"og:type\" content=\"article\" \/>\n<meta property=\"og:title\" content=\"Terms &amp; Conditions\u200b - JAV Board\" \/>\n<meta property=\"og:description\" content=\"Read JAV Board\u2019s Terms &amp; Conditions to understand the rules, rights, and responsibilities when using our website and purchasing our products.\" \/>\n<meta property=\"og:url\" content=\"https:\/\/javflatpanel.com\/de\/geschaftsbedingungen\/\" \/>\n<meta property=\"og:site_name\" content=\"JAV Board\" \/>\n<meta property=\"article:publisher\" content=\"https:\/\/www.facebook.com\/javboard\" \/>\n<meta property=\"article:modified_time\" content=\"2025-10-31T01:36:08+00:00\" \/>\n<meta name=\"twitter:card\" content=\"summary_large_image\" \/>\n<meta name=\"twitter:label1\" content=\"Gesch\u00e4tzte Lesezeit\" \/>\n\t<meta name=\"twitter:data1\" content=\"8\u00a0Minuten\" \/>\n<script type=\"application\/ld+json\" class=\"yoast-schema-graph\">{\"@context\":\"https:\\\/\\\/schema.org\",\"@graph\":[{\"@type\":\"WebPage\",\"@id\":\"https:\\\/\\\/javflatpanel.com\\\/terms-conditions\\\/\",\"url\":\"https:\\\/\\\/javflatpanel.com\\\/terms-conditions\\\/\",\"name\":\"Terms &amp; Conditions\u200b - JAV Board\",\"isPartOf\":{\"@id\":\"https:\\\/\\\/javflatpanel.com\\\/#website\"},\"datePublished\":\"2025-07-01T07:39:52+00:00\",\"dateModified\":\"2025-10-31T01:36:08+00:00\",\"description\":\"Read JAV Board\u2019s Terms & Conditions to understand the rules, rights, and responsibilities when using our website and purchasing our products.\",\"breadcrumb\":{\"@id\":\"https:\\\/\\\/javflatpanel.com\\\/terms-conditions\\\/#breadcrumb\"},\"inLanguage\":\"de\",\"potentialAction\":[{\"@type\":\"ReadAction\",\"target\":[\"https:\\\/\\\/javflatpanel.com\\\/terms-conditions\\\/\"]}]},{\"@type\":\"BreadcrumbList\",\"@id\":\"https:\\\/\\\/javflatpanel.com\\\/terms-conditions\\\/#breadcrumb\",\"itemListElement\":[{\"@type\":\"ListItem\",\"position\":1,\"name\":\"Home\",\"item\":\"https:\\\/\\\/javflatpanel.com\\\/\"},{\"@type\":\"ListItem\",\"position\":2,\"name\":\"Terms &amp; Conditions\u200b\"}]},{\"@type\":\"WebSite\",\"@id\":\"https:\\\/\\\/javflatpanel.com\\\/#website\",\"url\":\"https:\\\/\\\/javflatpanel.com\\\/\",\"name\":\"JAV Board\",\"description\":\"All-in-one device for meeting, teaching, and home use.\",\"publisher\":{\"@id\":\"https:\\\/\\\/javflatpanel.com\\\/#organization\"},\"alternateName\":\"JAV Board\",\"potentialAction\":[{\"@type\":\"SearchAction\",\"target\":{\"@type\":\"EntryPoint\",\"urlTemplate\":\"https:\\\/\\\/javflatpanel.com\\\/?s={search_term_string}\"},\"query-input\":{\"@type\":\"PropertyValueSpecification\",\"valueRequired\":true,\"valueName\":\"search_term_string\"}}],\"inLanguage\":\"de\"},{\"@type\":\"Organization\",\"@id\":\"https:\\\/\\\/javflatpanel.com\\\/#organization\",\"name\":\"JAV Electronics\",\"url\":\"https:\\\/\\\/javflatpanel.com\\\/\",\"logo\":{\"@type\":\"ImageObject\",\"inLanguage\":\"de\",\"@id\":\"https:\\\/\\\/javflatpanel.com\\\/#\\\/schema\\\/logo\\\/image\\\/\",\"url\":\"https:\\\/\\\/javflatpanel.com\\\/wp-content\\\/uploads\\\/2025\\\/05\\\/JAV_logo-1030-350x100-1.png\",\"contentUrl\":\"https:\\\/\\\/javflatpanel.com\\\/wp-content\\\/uploads\\\/2025\\\/05\\\/JAV_logo-1030-350x100-1.png\",\"width\":350,\"height\":100,\"caption\":\"JAV Electronics\"},\"image\":{\"@id\":\"https:\\\/\\\/javflatpanel.com\\\/#\\\/schema\\\/logo\\\/image\\\/\"},\"sameAs\":[\"https:\\\/\\\/www.facebook.com\\\/javboard\"]}]}<\/script>\n<!-- \/ Yoast SEO plugin. -->","yoast_head_json":{"title":"Terms &amp; Conditions\u200b - JAV Board","description":"Lesen Sie die Allgemeinen Gesch\u00e4ftsbedingungen von JAV Board, um die Regeln, Rechte und Pflichten bei der Nutzung unserer Website und beim Kauf unserer Produkte zu verstehen.","robots":{"index":"index","follow":"follow","max-snippet":"max-snippet:-1","max-image-preview":"max-image-preview:large","max-video-preview":"max-video-preview:-1"},"canonical":"https:\/\/javflatpanel.com\/de\/geschaftsbedingungen\/","og_locale":"de_DE","og_type":"article","og_title":"Terms &amp; Conditions\u200b - JAV Board","og_description":"Read JAV Board\u2019s Terms & Conditions to understand the rules, rights, and responsibilities when using our website and purchasing our products.","og_url":"https:\/\/javflatpanel.com\/de\/geschaftsbedingungen\/","og_site_name":"JAV Board","article_publisher":"https:\/\/www.facebook.com\/javboard","article_modified_time":"2025-10-31T01:36:08+00:00","twitter_card":"summary_large_image","twitter_misc":{"Gesch\u00e4tzte Lesezeit":"8\u00a0Minuten"},"schema":{"@context":"https:\/\/schema.org","@graph":[{"@type":"WebPage","@id":"https:\/\/javflatpanel.com\/terms-conditions\/","url":"https:\/\/javflatpanel.com\/terms-conditions\/","name":"Terms &amp; Conditions\u200b - JAV Board","isPartOf":{"@id":"https:\/\/javflatpanel.com\/#website"},"datePublished":"2025-07-01T07:39:52+00:00","dateModified":"2025-10-31T01:36:08+00:00","description":"Lesen Sie die Allgemeinen Gesch\u00e4ftsbedingungen von JAV Board, um die Regeln, Rechte und Pflichten bei der Nutzung unserer Website und beim Kauf unserer Produkte zu verstehen.","breadcrumb":{"@id":"https:\/\/javflatpanel.com\/terms-conditions\/#breadcrumb"},"inLanguage":"de","potentialAction":[{"@type":"ReadAction","target":["https:\/\/javflatpanel.com\/terms-conditions\/"]}]},{"@type":"BreadcrumbList","@id":"https:\/\/javflatpanel.com\/terms-conditions\/#breadcrumb","itemListElement":[{"@type":"ListItem","position":1,"name":"Home","item":"https:\/\/javflatpanel.com\/"},{"@type":"ListItem","position":2,"name":"Terms &amp; Conditions\u200b"}]},{"@type":"WebSite","@id":"https:\/\/javflatpanel.com\/#website","url":"https:\/\/javflatpanel.com\/","name":"JAV Board","description":"All-in-One-Ger\u00e4t f\u00fcr Meetings, Unterricht und den Heimgebrauch.","publisher":{"@id":"https:\/\/javflatpanel.com\/#organization"},"alternateName":"JAV Board","potentialAction":[{"@type":"SearchAction","target":{"@type":"EntryPoint","urlTemplate":"https:\/\/javflatpanel.com\/?s={search_term_string}"},"query-input":{"@type":"PropertyValueSpecification","valueRequired":true,"valueName":"search_term_string"}}],"inLanguage":"de"},{"@type":"Organization","@id":"https:\/\/javflatpanel.com\/#organization","name":"JAV Electronics","url":"https:\/\/javflatpanel.com\/","logo":{"@type":"ImageObject","inLanguage":"de","@id":"https:\/\/javflatpanel.com\/#\/schema\/logo\/image\/","url":"https:\/\/javflatpanel.com\/wp-content\/uploads\/2025\/05\/JAV_logo-1030-350x100-1.png","contentUrl":"https:\/\/javflatpanel.com\/wp-content\/uploads\/2025\/05\/JAV_logo-1030-350x100-1.png","width":350,"height":100,"caption":"JAV Electronics"},"image":{"@id":"https:\/\/javflatpanel.com\/#\/schema\/logo\/image\/"},"sameAs":["https:\/\/www.facebook.com\/javboard"]}]}},"_hostinger_reach_plugin_has_subscription_block":false,"_hostinger_reach_plugin_is_elementor":false,"_links":{"self":[{"href":"https:\/\/javflatpanel.com\/de\/wp-json\/wp\/v2\/pages\/257","targetHints":{"allow":["GET"]}}],"collection":[{"href":"https:\/\/javflatpanel.com\/de\/wp-json\/wp\/v2\/pages"}],"about":[{"href":"https:\/\/javflatpanel.com\/de\/wp-json\/wp\/v2\/types\/page"}],"author":[{"embeddable":true,"href":"https:\/\/javflatpanel.com\/de\/wp-json\/wp\/v2\/users\/1"}],"replies":[{"embeddable":true,"href":"https:\/\/javflatpanel.com\/de\/wp-json\/wp\/v2\/comments?post=257"}],"version-history":[{"count":5,"href":"https:\/\/javflatpanel.com\/de\/wp-json\/wp\/v2\/pages\/257\/revisions"}],"predecessor-version":[{"id":6156,"href":"https:\/\/javflatpanel.com\/de\/wp-json\/wp\/v2\/pages\/257\/revisions\/6156"}],"wp:attachment":[{"href":"https:\/\/javflatpanel.com\/de\/wp-json\/wp\/v2\/media?parent=257"}],"curies":[{"name":"wp","href":"https:\/\/api.w.org\/{rel}","templated":true}]}}