{"id":192,"date":"2025-07-01T06:15:26","date_gmt":"2025-07-01T06:15:26","guid":{"rendered":"https:\/\/javflatpanel.com\/?page_id=192"},"modified":"2026-04-07T07:26:19","modified_gmt":"2026-04-07T07:26:19","slug":"operations","status":"publish","type":"page","link":"https:\/\/javflatpanel.com\/fr\/products\/ops\/","title":{"rendered":"OPS"},"content":{"rendered":"<div data-elementor-type=\"wp-page\" data-elementor-id=\"192\" class=\"elementor elementor-192\" data-elementor-post-type=\"page\">\n\t\t\t\t<div class=\"elementor-element elementor-element-dba662f e-flex e-con-boxed e-con e-parent\" data-id=\"dba662f\" data-element_type=\"container\" data-e-type=\"container\" data-settings=\"{&quot;background_background&quot;:&quot;classic&quot;}\">\n\t\t\t\t\t<div class=\"e-con-inner\">\n\t\t<div class=\"elementor-element elementor-element-66a3d28 e-con-full e-flex e-con e-child\" data-id=\"66a3d28\" data-element_type=\"container\" data-e-type=\"container\">\n\t\t\t\t<div class=\"elementor-element elementor-element-37e4d73 elementor-widget elementor-widget-heading\" data-id=\"37e4d73\" data-element_type=\"widget\" data-e-type=\"widget\" data-widget_type=\"heading.default\">\n\t\t\t\t<div class=\"elementor-widget-container\">\n\t\t\t\t\t<h2 class=\"elementor-heading-title elementor-size-default\">JAV OPS<\/h2>\t\t\t\t<\/div>\n\t\t\t\t<\/div>\n\t\t\t\t<div class=\"elementor-element elementor-element-8f5f25f elementor-widget__width-initial elementor-widget elementor-widget-text-editor\" data-id=\"8f5f25f\" data-element_type=\"widget\" data-e-type=\"widget\" data-widget_type=\"text-editor.default\">\n\t\t\t\t<div class=\"elementor-widget-container\">\n\t\t\t\t\t\t\t\t\t<p>Ajoutez un syst\u00e8me d&#039;exploitation Windows suppl\u00e9mentaire \u00e0 notre carte JAV.<\/p>\t\t\t\t\t\t\t\t<\/div>\n\t\t\t\t<\/div>\n\t\t\t\t<\/div>\n\t\t\t\t\t<\/div>\n\t\t\t\t<\/div>\n\t\t<div class=\"elementor-element elementor-element-14c1888 e-flex e-con-boxed e-con e-parent\" data-id=\"14c1888\" data-element_type=\"container\" data-e-type=\"container\">\n\t\t\t\t\t<div class=\"e-con-inner\">\n\t\t\t\t<div class=\"elementor-element elementor-element-cceebfc elementor-widget elementor-widget-spacer\" data-id=\"cceebfc\" data-element_type=\"widget\" data-e-type=\"widget\" data-widget_type=\"spacer.default\">\n\t\t\t\t<div class=\"elementor-widget-container\">\n\t\t\t\t\t\t\t<div class=\"elementor-spacer\">\n\t\t\t<div class=\"elementor-spacer-inner\"><\/div>\n\t\t<\/div>\n\t\t\t\t\t\t<\/div>\n\t\t\t\t<\/div>\n\t\t\t\t\t<\/div>\n\t\t\t\t<\/div>\n\t\t<div class=\"elementor-element elementor-element-78a95eb e-flex e-con-boxed elementor-invisible e-con e-parent\" data-id=\"78a95eb\" data-element_type=\"container\" data-e-type=\"container\" data-settings=\"{&quot;animation&quot;:&quot;fadeIn&quot;}\">\n\t\t\t\t\t<div class=\"e-con-inner\">\n\t\t<div class=\"elementor-element elementor-element-99f078f e-con-full e-flex e-con e-child\" data-id=\"99f078f\" data-element_type=\"container\" data-e-type=\"container\">\n\t\t\t\t<div class=\"elementor-element elementor-element-6184624 elementor-widget elementor-widget-heading\" data-id=\"6184624\" data-element_type=\"widget\" data-e-type=\"widget\" data-widget_type=\"heading.default\">\n\t\t\t\t<div class=\"elementor-widget-container\">\n\t\t\t\t\t<h2 class=\"elementor-heading-title elementor-size-default\">Qu&#039;est-ce que JAV OPS ?<\/h2>\t\t\t\t<\/div>\n\t\t\t\t<\/div>\n\t\t\t\t<div class=\"elementor-element elementor-element-4d7ba01 elementor-widget elementor-widget-text-editor\" data-id=\"4d7ba01\" data-element_type=\"widget\" data-e-type=\"widget\" data-widget_type=\"text-editor.default\">\n\t\t\t\t<div class=\"elementor-widget-container\">\n\t\t\t\t\t\t\t\t\t<p>JAV OPS est un syst\u00e8me informatique modulaire permettant d&#039;\u00e9tendre le syst\u00e8me d&#039;exploitation de la carte JAV Board, passant d&#039;un syst\u00e8me Android unique \u00e0 un syst\u00e8me double (Android + Windows). JAV OPS est con\u00e7u pour les utilisateurs souhaitant ex\u00e9cuter des logiciels compatibles Windows sur la carte JAV Board.<\/p>\t\t\t\t\t\t\t\t<\/div>\n\t\t\t\t<\/div>\n\t\t\t\t<\/div>\n\t\t<div class=\"elementor-element elementor-element-b23cdea e-con-full e-flex e-con e-child\" data-id=\"b23cdea\" data-element_type=\"container\" data-e-type=\"container\">\n\t\t\t\t<div class=\"elementor-element elementor-element-6e2e96b elementor-widget elementor-widget-image\" data-id=\"6e2e96b\" data-element_type=\"widget\" data-e-type=\"widget\" data-widget_type=\"image.default\">\n\t\t\t\t<div class=\"elementor-widget-container\">\n\t\t\t\t\t\t\t\t\t\t\t\t\t\t\t<img fetchpriority=\"high\" decoding=\"async\" width=\"1024\" height=\"1024\" src=\"https:\/\/javflatpanel.com\/wp-content\/uploads\/2025\/09\/jav-windows-ops-switch-between-android-and-windows.webp\" class=\"attachment-large size-large wp-image-5917\" alt=\"JAV OPS permet aux tableaux interactifs JAV Smart Boards de basculer \u00e0 volont\u00e9 entre Windows et Android.\" srcset=\"https:\/\/javflatpanel.com\/wp-content\/uploads\/2025\/09\/jav-windows-ops-switch-between-android-and-windows.webp 1024w, https:\/\/javflatpanel.com\/wp-content\/uploads\/2025\/09\/jav-windows-ops-switch-between-android-and-windows-300x300.webp 300w, https:\/\/javflatpanel.com\/wp-content\/uploads\/2025\/09\/jav-windows-ops-switch-between-android-and-windows-150x150.webp 150w, https:\/\/javflatpanel.com\/wp-content\/uploads\/2025\/09\/jav-windows-ops-switch-between-android-and-windows-768x768.webp 768w, https:\/\/javflatpanel.com\/wp-content\/uploads\/2025\/09\/jav-windows-ops-switch-between-android-and-windows-144x144.webp 144w\" sizes=\"(max-width: 1024px) 100vw, 1024px\" \/>\t\t\t\t\t\t\t\t\t\t\t\t\t\t\t<\/div>\n\t\t\t\t<\/div>\n\t\t\t\t<\/div>\n\t\t\t\t\t<\/div>\n\t\t\t\t<\/div>\n\t\t<div class=\"elementor-element elementor-element-a282fad e-flex e-con-boxed e-con e-parent\" data-id=\"a282fad\" data-element_type=\"container\" data-e-type=\"container\">\n\t\t\t\t\t<div class=\"e-con-inner\">\n\t\t\t\t<div class=\"elementor-element elementor-element-ee2e98a elementor-widget elementor-widget-spacer\" data-id=\"ee2e98a\" data-element_type=\"widget\" data-e-type=\"widget\" data-widget_type=\"spacer.default\">\n\t\t\t\t<div class=\"elementor-widget-container\">\n\t\t\t\t\t\t\t<div class=\"elementor-spacer\">\n\t\t\t<div class=\"elementor-spacer-inner\"><\/div>\n\t\t<\/div>\n\t\t\t\t\t\t<\/div>\n\t\t\t\t<\/div>\n\t\t\t\t\t<\/div>\n\t\t\t\t<\/div>\n\t\t<div class=\"elementor-element elementor-element-63600bd e-flex e-con-boxed elementor-invisible e-con e-parent\" data-id=\"63600bd\" data-element_type=\"container\" data-e-type=\"container\" data-settings=\"{&quot;animation&quot;:&quot;fadeInUp&quot;}\">\n\t\t\t\t\t<div class=\"e-con-inner\">\n\t\t<div class=\"elementor-element elementor-element-c3b40ef e-con-full e-flex e-con e-child\" data-id=\"c3b40ef\" data-element_type=\"container\" data-e-type=\"container\">\n\t\t\t\t<div class=\"elementor-element elementor-element-1a77911 elementor-widget elementor-widget-image\" data-id=\"1a77911\" data-element_type=\"widget\" data-e-type=\"widget\" data-widget_type=\"image.default\">\n\t\t\t\t<div class=\"elementor-widget-container\">\n\t\t\t\t\t\t\t\t\t\t\t\t\t\t\t<img decoding=\"async\" width=\"1024\" height=\"1024\" src=\"https:\/\/javflatpanel.com\/wp-content\/uploads\/2025\/09\/jav-ops-is-easy-to-install-onto-JAV-smart-boards.webp\" class=\"attachment-large size-large wp-image-5918\" alt=\"M\u00e9thode d&#039;installation du tableau intelligent JAV.\" srcset=\"https:\/\/javflatpanel.com\/wp-content\/uploads\/2025\/09\/jav-ops-is-easy-to-install-onto-JAV-smart-boards.webp 1024w, https:\/\/javflatpanel.com\/wp-content\/uploads\/2025\/09\/jav-ops-is-easy-to-install-onto-JAV-smart-boards-300x300.webp 300w, https:\/\/javflatpanel.com\/wp-content\/uploads\/2025\/09\/jav-ops-is-easy-to-install-onto-JAV-smart-boards-150x150.webp 150w, https:\/\/javflatpanel.com\/wp-content\/uploads\/2025\/09\/jav-ops-is-easy-to-install-onto-JAV-smart-boards-768x768.webp 768w, https:\/\/javflatpanel.com\/wp-content\/uploads\/2025\/09\/jav-ops-is-easy-to-install-onto-JAV-smart-boards-144x144.webp 144w\" sizes=\"(max-width: 1024px) 100vw, 1024px\" \/>\t\t\t\t\t\t\t\t\t\t\t\t\t\t\t<\/div>\n\t\t\t\t<\/div>\n\t\t\t\t<\/div>\n\t\t<div class=\"elementor-element elementor-element-49a12bd e-con-full e-flex e-con e-child\" data-id=\"49a12bd\" data-element_type=\"container\" data-e-type=\"container\">\n\t\t\t\t<div class=\"elementor-element elementor-element-d8efe27 elementor-widget elementor-widget-heading\" data-id=\"d8efe27\" data-element_type=\"widget\" data-e-type=\"widget\" data-widget_type=\"heading.default\">\n\t\t\t\t<div class=\"elementor-widget-container\">\n\t\t\t\t\t<h2 class=\"elementor-heading-title elementor-size-default\">Conception enfichable<\/h2>\t\t\t\t<\/div>\n\t\t\t\t<\/div>\n\t\t\t\t<div class=\"elementor-element elementor-element-e732765 elementor-widget elementor-widget-text-editor\" data-id=\"e732765\" data-element_type=\"widget\" data-e-type=\"widget\" data-widget_type=\"text-editor.default\">\n\t\t\t\t<div class=\"elementor-widget-container\">\n\t\t\t\t\t\t\t\t\t<p>Le JAV OPS s&#039;ins\u00e8re parfaitement dans le JAV Board et peut \u00e9galement \u00eatre facilement d\u00e9tach\u00e9 par nos soins.<\/p>\t\t\t\t\t\t\t\t<\/div>\n\t\t\t\t<\/div>\n\t\t\t\t<\/div>\n\t\t\t\t\t<\/div>\n\t\t\t\t<\/div>\n\t\t<div class=\"elementor-element elementor-element-df5bc3a e-flex e-con-boxed e-con e-parent\" data-id=\"df5bc3a\" data-element_type=\"container\" data-e-type=\"container\">\n\t\t\t\t\t<div class=\"e-con-inner\">\n\t\t\t\t<div class=\"elementor-element elementor-element-6cc2143 elementor-widget elementor-widget-spacer\" data-id=\"6cc2143\" data-element_type=\"widget\" data-e-type=\"widget\" data-widget_type=\"spacer.default\">\n\t\t\t\t<div class=\"elementor-widget-container\">\n\t\t\t\t\t\t\t<div class=\"elementor-spacer\">\n\t\t\t<div class=\"elementor-spacer-inner\"><\/div>\n\t\t<\/div>\n\t\t\t\t\t\t<\/div>\n\t\t\t\t<\/div>\n\t\t\t\t\t<\/div>\n\t\t\t\t<\/div>\n\t\t<div class=\"elementor-element elementor-element-c1395fd e-flex e-con-boxed e-con e-parent\" data-id=\"c1395fd\" data-element_type=\"container\" data-e-type=\"container\">\n\t\t\t\t\t<div class=\"e-con-inner\">\n\t\t<div class=\"elementor-element elementor-element-0fa1359 e-con-full e-flex e-con e-child\" data-id=\"0fa1359\" data-element_type=\"container\" data-e-type=\"container\">\n\t\t\t\t<div class=\"elementor-element elementor-element-689e3e0 elementor-widget elementor-widget-heading\" data-id=\"689e3e0\" data-element_type=\"widget\" data-e-type=\"widget\" data-widget_type=\"heading.default\">\n\t\t\t\t<div class=\"elementor-widget-container\">\n\t\t\t\t\t<h2 class=\"elementor-heading-title elementor-size-default\">Certifi\u00e9 Google EDLA<\/h2>\t\t\t\t<\/div>\n\t\t\t\t<\/div>\n\t\t\t\t<div class=\"elementor-element elementor-element-324b5ea elementor-widget elementor-widget-text-editor\" data-id=\"324b5ea\" data-element_type=\"widget\" data-e-type=\"widget\" data-widget_type=\"text-editor.default\">\n\t\t\t\t<div class=\"elementor-widget-container\">\n\t\t\t\t\t\t\t\t\t<p>Notre syst\u00e8me JAV OPS est \u00e9galement certifi\u00e9 Google EDLA, ce qui nous permet d&#039;ex\u00e9cuter tous types d&#039;applications Google sans probl\u00e8me.<\/p>\t\t\t\t\t\t\t\t<\/div>\n\t\t\t\t<\/div>\n\t\t\t\t<\/div>\n\t\t<div class=\"elementor-element elementor-element-219aef3 e-con-full e-flex e-con e-child\" data-id=\"219aef3\" data-element_type=\"container\" data-e-type=\"container\">\n\t\t\t\t<div class=\"elementor-element elementor-element-9846426 elementor-widget elementor-widget-image\" data-id=\"9846426\" data-element_type=\"widget\" data-e-type=\"widget\" data-widget_type=\"image.default\">\n\t\t\t\t<div class=\"elementor-widget-container\">\n\t\t\t\t\t\t\t\t\t\t\t\t\t\t\t<img decoding=\"async\" width=\"1024\" height=\"1024\" src=\"https:\/\/javflatpanel.com\/wp-content\/uploads\/2025\/10\/jav-smart-board-with-Google-EDLA-certification-and-Windows-11.webp\" class=\"attachment-large size-large wp-image-7079\" alt=\"Image montrant la tablette graphique Java Smart Board 10 certifi\u00e9e Google EDLA et fonctionnant sous Windows 11 avec OPS.\" srcset=\"https:\/\/javflatpanel.com\/wp-content\/uploads\/2025\/10\/jav-smart-board-with-Google-EDLA-certification-and-Windows-11.webp 1024w, https:\/\/javflatpanel.com\/wp-content\/uploads\/2025\/10\/jav-smart-board-with-Google-EDLA-certification-and-Windows-11-300x300.webp 300w, https:\/\/javflatpanel.com\/wp-content\/uploads\/2025\/10\/jav-smart-board-with-Google-EDLA-certification-and-Windows-11-150x150.webp 150w, https:\/\/javflatpanel.com\/wp-content\/uploads\/2025\/10\/jav-smart-board-with-Google-EDLA-certification-and-Windows-11-768x768.webp 768w\" sizes=\"(max-width: 1024px) 100vw, 1024px\" \/>\t\t\t\t\t\t\t\t\t\t\t\t\t\t\t<\/div>\n\t\t\t\t<\/div>\n\t\t\t\t<\/div>\n\t\t\t\t\t<\/div>\n\t\t\t\t<\/div>\n\t\t<div class=\"elementor-element elementor-element-21a9026 e-flex e-con-boxed elementor-invisible e-con e-parent\" data-id=\"21a9026\" data-element_type=\"container\" data-e-type=\"container\" data-settings=\"{&quot;animation&quot;:&quot;fadeInUp&quot;}\">\n\t\t\t\t\t<div class=\"e-con-inner\">\n\t\t<div class=\"elementor-element elementor-element-cf91604 e-con-full e-flex e-con e-child\" data-id=\"cf91604\" data-element_type=\"container\" data-e-type=\"container\">\n\t\t\t\t<div class=\"elementor-element elementor-element-38fb18c elementor-widget elementor-widget-image\" data-id=\"38fb18c\" data-element_type=\"widget\" data-e-type=\"widget\" data-widget_type=\"image.default\">\n\t\t\t\t<div class=\"elementor-widget-container\">\n\t\t\t\t\t\t\t\t\t\t\t\t\t\t\t<img loading=\"lazy\" decoding=\"async\" width=\"1024\" height=\"1024\" src=\"https:\/\/javflatpanel.com\/wp-content\/uploads\/2025\/10\/JAV-OPS-72A-Powerful-Hardware-and-Performance.webp\" class=\"attachment-large size-large wp-image-7080\" alt=\"JAV OPS, dot\u00e9 d&#039;un mat\u00e9riel performant, permet au tableau interactif JAV de fonctionner sous Windows 11 de mani\u00e8re fluide.\" srcset=\"https:\/\/javflatpanel.com\/wp-content\/uploads\/2025\/10\/JAV-OPS-72A-Powerful-Hardware-and-Performance.webp 1024w, https:\/\/javflatpanel.com\/wp-content\/uploads\/2025\/10\/JAV-OPS-72A-Powerful-Hardware-and-Performance-300x300.webp 300w, https:\/\/javflatpanel.com\/wp-content\/uploads\/2025\/10\/JAV-OPS-72A-Powerful-Hardware-and-Performance-150x150.webp 150w, https:\/\/javflatpanel.com\/wp-content\/uploads\/2025\/10\/JAV-OPS-72A-Powerful-Hardware-and-Performance-768x768.webp 768w\" sizes=\"(max-width: 1024px) 100vw, 1024px\" \/>\t\t\t\t\t\t\t\t\t\t\t\t\t\t\t<\/div>\n\t\t\t\t<\/div>\n\t\t\t\t<\/div>\n\t\t<div class=\"elementor-element elementor-element-30cb4dd e-con-full e-flex e-con e-child\" data-id=\"30cb4dd\" data-element_type=\"container\" data-e-type=\"container\">\n\t\t\t\t<div class=\"elementor-element elementor-element-19c6ab9 elementor-widget elementor-widget-heading\" data-id=\"19c6ab9\" data-element_type=\"widget\" data-e-type=\"widget\" data-widget_type=\"heading.default\">\n\t\t\t\t<div class=\"elementor-widget-container\">\n\t\t\t\t\t<h2 class=\"elementor-heading-title elementor-size-default\">Performances puissantes<\/h2>\t\t\t\t<\/div>\n\t\t\t\t<\/div>\n\t\t\t\t<div class=\"elementor-element elementor-element-10df607 elementor-widget elementor-widget-text-editor\" data-id=\"10df607\" data-element_type=\"widget\" data-e-type=\"widget\" data-widget_type=\"text-editor.default\">\n\t\t\t\t<div class=\"elementor-widget-container\">\n\t\t\t\t\t\t\t\t\t<p>Profitez d&#039;une exp\u00e9rience Windows 11 fluide sur votre tableau blanc interactif JAV. \u00c9quip\u00e9 d&#039;un processeur Intel\u00ae i5-12450H, de 8 Go de RAM et de 256 Go de stockage, il offre des performances rapides et fluides pour toutes vos t\u00e2ches.<\/p>\t\t\t\t\t\t\t\t<\/div>\n\t\t\t\t<\/div>\n\t\t\t\t<\/div>\n\t\t\t\t\t<\/div>\n\t\t\t\t<\/div>\n\t\t\t\t<\/div>","protected":false},"excerpt":{"rendered":"<p>JAV OPS Add an extra Windows operating system to our JAV Board. What is JAV OPS? JAV OPS is a modular computing used to expand the operating system of JAV Board, from original single Android system to dual system(Android+Windows). JAV OPS is designed for users who wants to run windows-friendly software on JAV Board. Pluggable&#8230;<\/p>","protected":false},"author":1,"featured_media":0,"parent":8501,"menu_order":0,"comment_status":"closed","ping_status":"closed","template":"","meta":{"_acf_changed":false,"_kad_post_transparent":"","_kad_post_title":"hide","_kad_post_layout":"fullwidth","_kad_post_sidebar_id":"","_kad_post_content_style":"unboxed","_kad_post_vertical_padding":"hide","_kad_post_feature":"hide","_kad_post_feature_position":"","_kad_post_header":false,"_kad_post_footer":false,"_kad_post_classname":"","footnotes":""},"class_list":["post-192","page","type-page","status-publish","hentry"],"acf":[],"yoast_head":"<!-- This site is optimized with the Yoast SEO plugin v27.3 - https:\/\/yoast.com\/product\/yoast-seo-wordpress\/ -->\n<title>OPS - JAV Board<\/title>\n<meta name=\"description\" content=\"Upgrade your JAV Board 10 with the detachable OPS, running Windows 11. Expand file compatibility and unlock enhanced capabilities for your smart board.\" \/>\n<meta name=\"robots\" content=\"index, follow, max-snippet:-1, max-image-preview:large, max-video-preview:-1\" \/>\n<link rel=\"canonical\" href=\"https:\/\/javflatpanel.com\/fr\/produits\/operations\/\" \/>\n<meta property=\"og:locale\" content=\"fr_FR\" \/>\n<meta property=\"og:type\" content=\"article\" \/>\n<meta property=\"og:title\" content=\"OPS - JAV Board\" \/>\n<meta property=\"og:description\" content=\"Upgrade your JAV Board 10 with the detachable OPS, running Windows 11. Expand file compatibility and unlock enhanced capabilities for your smart board.\" \/>\n<meta property=\"og:url\" content=\"https:\/\/javflatpanel.com\/fr\/produits\/operations\/\" \/>\n<meta property=\"og:site_name\" content=\"JAV Board\" \/>\n<meta property=\"article:publisher\" content=\"https:\/\/www.facebook.com\/javboard\" \/>\n<meta property=\"article:modified_time\" content=\"2026-04-07T07:26:19+00:00\" \/>\n<meta property=\"og:image\" content=\"https:\/\/javflatpanel.com\/wp-content\/uploads\/2025\/09\/jav-windows-ops-switch-between-android-and-windows.webp\" \/>\n\t<meta property=\"og:image:width\" content=\"1024\" \/>\n\t<meta property=\"og:image:height\" content=\"1024\" \/>\n\t<meta property=\"og:image:type\" content=\"image\/webp\" \/>\n<meta name=\"twitter:card\" content=\"summary_large_image\" \/>\n<meta name=\"twitter:label1\" content=\"Dur\u00e9e de lecture estim\u00e9e\" \/>\n\t<meta name=\"twitter:data1\" content=\"2 minutes\" \/>\n<script type=\"application\/ld+json\" class=\"yoast-schema-graph\">{\"@context\":\"https:\\\/\\\/schema.org\",\"@graph\":[{\"@type\":\"WebPage\",\"@id\":\"https:\\\/\\\/javflatpanel.com\\\/products\\\/ops\\\/\",\"url\":\"https:\\\/\\\/javflatpanel.com\\\/products\\\/ops\\\/\",\"name\":\"OPS - JAV Board\",\"isPartOf\":{\"@id\":\"https:\\\/\\\/javflatpanel.com\\\/#website\"},\"primaryImageOfPage\":{\"@id\":\"https:\\\/\\\/javflatpanel.com\\\/products\\\/ops\\\/#primaryimage\"},\"image\":{\"@id\":\"https:\\\/\\\/javflatpanel.com\\\/products\\\/ops\\\/#primaryimage\"},\"thumbnailUrl\":\"https:\\\/\\\/javflatpanel.com\\\/wp-content\\\/uploads\\\/2025\\\/09\\\/jav-windows-ops-switch-between-android-and-windows.webp\",\"datePublished\":\"2025-07-01T06:15:26+00:00\",\"dateModified\":\"2026-04-07T07:26:19+00:00\",\"description\":\"Upgrade your JAV Board 10 with the detachable OPS, running Windows 11. Expand file compatibility and unlock enhanced capabilities for your smart board.\",\"breadcrumb\":{\"@id\":\"https:\\\/\\\/javflatpanel.com\\\/products\\\/ops\\\/#breadcrumb\"},\"inLanguage\":\"fr-FR\",\"potentialAction\":[{\"@type\":\"ReadAction\",\"target\":[\"https:\\\/\\\/javflatpanel.com\\\/products\\\/ops\\\/\"]}]},{\"@type\":\"ImageObject\",\"inLanguage\":\"fr-FR\",\"@id\":\"https:\\\/\\\/javflatpanel.com\\\/products\\\/ops\\\/#primaryimage\",\"url\":\"https:\\\/\\\/javflatpanel.com\\\/wp-content\\\/uploads\\\/2025\\\/09\\\/jav-windows-ops-switch-between-android-and-windows.webp\",\"contentUrl\":\"https:\\\/\\\/javflatpanel.com\\\/wp-content\\\/uploads\\\/2025\\\/09\\\/jav-windows-ops-switch-between-android-and-windows.webp\"},{\"@type\":\"BreadcrumbList\",\"@id\":\"https:\\\/\\\/javflatpanel.com\\\/products\\\/ops\\\/#breadcrumb\",\"itemListElement\":[{\"@type\":\"ListItem\",\"position\":1,\"name\":\"Home\",\"item\":\"https:\\\/\\\/javflatpanel.com\\\/\"},{\"@type\":\"ListItem\",\"position\":2,\"name\":\"Products\",\"item\":\"https:\\\/\\\/javflatpanel.com\\\/products\\\/\"},{\"@type\":\"ListItem\",\"position\":3,\"name\":\"OPS\"}]},{\"@type\":\"WebSite\",\"@id\":\"https:\\\/\\\/javflatpanel.com\\\/#website\",\"url\":\"https:\\\/\\\/javflatpanel.com\\\/\",\"name\":\"JAV Board\",\"description\":\"All-in-one device for meeting, teaching, and home use.\",\"publisher\":{\"@id\":\"https:\\\/\\\/javflatpanel.com\\\/#organization\"},\"alternateName\":\"JAV Board\",\"potentialAction\":[{\"@type\":\"SearchAction\",\"target\":{\"@type\":\"EntryPoint\",\"urlTemplate\":\"https:\\\/\\\/javflatpanel.com\\\/?s={search_term_string}\"},\"query-input\":{\"@type\":\"PropertyValueSpecification\",\"valueRequired\":true,\"valueName\":\"search_term_string\"}}],\"inLanguage\":\"fr-FR\"},{\"@type\":\"Organization\",\"@id\":\"https:\\\/\\\/javflatpanel.com\\\/#organization\",\"name\":\"JAV Electronics\",\"url\":\"https:\\\/\\\/javflatpanel.com\\\/\",\"logo\":{\"@type\":\"ImageObject\",\"inLanguage\":\"fr-FR\",\"@id\":\"https:\\\/\\\/javflatpanel.com\\\/#\\\/schema\\\/logo\\\/image\\\/\",\"url\":\"https:\\\/\\\/javflatpanel.com\\\/wp-content\\\/uploads\\\/2025\\\/05\\\/JAV_logo-1030-350x100-1.png\",\"contentUrl\":\"https:\\\/\\\/javflatpanel.com\\\/wp-content\\\/uploads\\\/2025\\\/05\\\/JAV_logo-1030-350x100-1.png\",\"width\":350,\"height\":100,\"caption\":\"JAV Electronics\"},\"image\":{\"@id\":\"https:\\\/\\\/javflatpanel.com\\\/#\\\/schema\\\/logo\\\/image\\\/\"},\"sameAs\":[\"https:\\\/\\\/www.facebook.com\\\/javboard\"]}]}<\/script>\n<!-- \/ Yoast SEO plugin. -->","yoast_head_json":{"title":"OPS - Conseil JAV","description":"Mettez \u00e0 niveau votre JAV Board 10 avec l&#039;OPS d\u00e9tachable, fonctionnant sous Windows 11. \u00c9tendez la compatibilit\u00e9 des fichiers et d\u00e9bloquez des fonctionnalit\u00e9s am\u00e9lior\u00e9es pour votre tableau interactif.","robots":{"index":"index","follow":"follow","max-snippet":"max-snippet:-1","max-image-preview":"max-image-preview:large","max-video-preview":"max-video-preview:-1"},"canonical":"https:\/\/javflatpanel.com\/fr\/produits\/operations\/","og_locale":"fr_FR","og_type":"article","og_title":"OPS - JAV Board","og_description":"Upgrade your JAV Board 10 with the detachable OPS, running Windows 11. Expand file compatibility and unlock enhanced capabilities for your smart board.","og_url":"https:\/\/javflatpanel.com\/fr\/produits\/operations\/","og_site_name":"JAV Board","article_publisher":"https:\/\/www.facebook.com\/javboard","article_modified_time":"2026-04-07T07:26:19+00:00","og_image":[{"width":1024,"height":1024,"url":"https:\/\/javflatpanel.com\/wp-content\/uploads\/2025\/09\/jav-windows-ops-switch-between-android-and-windows.webp","type":"image\/webp"}],"twitter_card":"summary_large_image","twitter_misc":{"Dur\u00e9e de lecture estim\u00e9e":"2 minutes"},"schema":{"@context":"https:\/\/schema.org","@graph":[{"@type":"WebPage","@id":"https:\/\/javflatpanel.com\/products\/ops\/","url":"https:\/\/javflatpanel.com\/products\/ops\/","name":"OPS - Conseil JAV","isPartOf":{"@id":"https:\/\/javflatpanel.com\/#website"},"primaryImageOfPage":{"@id":"https:\/\/javflatpanel.com\/products\/ops\/#primaryimage"},"image":{"@id":"https:\/\/javflatpanel.com\/products\/ops\/#primaryimage"},"thumbnailUrl":"https:\/\/javflatpanel.com\/wp-content\/uploads\/2025\/09\/jav-windows-ops-switch-between-android-and-windows.webp","datePublished":"2025-07-01T06:15:26+00:00","dateModified":"2026-04-07T07:26:19+00:00","description":"Mettez \u00e0 niveau votre JAV Board 10 avec l&#039;OPS d\u00e9tachable, fonctionnant sous Windows 11. \u00c9tendez la compatibilit\u00e9 des fichiers et d\u00e9bloquez des fonctionnalit\u00e9s am\u00e9lior\u00e9es pour votre tableau interactif.","breadcrumb":{"@id":"https:\/\/javflatpanel.com\/products\/ops\/#breadcrumb"},"inLanguage":"fr-FR","potentialAction":[{"@type":"ReadAction","target":["https:\/\/javflatpanel.com\/products\/ops\/"]}]},{"@type":"ImageObject","inLanguage":"fr-FR","@id":"https:\/\/javflatpanel.com\/products\/ops\/#primaryimage","url":"https:\/\/javflatpanel.com\/wp-content\/uploads\/2025\/09\/jav-windows-ops-switch-between-android-and-windows.webp","contentUrl":"https:\/\/javflatpanel.com\/wp-content\/uploads\/2025\/09\/jav-windows-ops-switch-between-android-and-windows.webp"},{"@type":"BreadcrumbList","@id":"https:\/\/javflatpanel.com\/products\/ops\/#breadcrumb","itemListElement":[{"@type":"ListItem","position":1,"name":"Home","item":"https:\/\/javflatpanel.com\/"},{"@type":"ListItem","position":2,"name":"Products","item":"https:\/\/javflatpanel.com\/products\/"},{"@type":"ListItem","position":3,"name":"OPS"}]},{"@type":"WebSite","@id":"https:\/\/javflatpanel.com\/#website","url":"https:\/\/javflatpanel.com\/","name":"Conseil JAV","description":"Appareil tout-en-un pour les r\u00e9unions, l&#039;enseignement et l&#039;utilisation \u00e0 domicile.","publisher":{"@id":"https:\/\/javflatpanel.com\/#organization"},"alternateName":"JAV Board","potentialAction":[{"@type":"SearchAction","target":{"@type":"EntryPoint","urlTemplate":"https:\/\/javflatpanel.com\/?s={search_term_string}"},"query-input":{"@type":"PropertyValueSpecification","valueRequired":true,"valueName":"search_term_string"}}],"inLanguage":"fr-FR"},{"@type":"Organization","@id":"https:\/\/javflatpanel.com\/#organization","name":"JAV Electronics","url":"https:\/\/javflatpanel.com\/","logo":{"@type":"ImageObject","inLanguage":"fr-FR","@id":"https:\/\/javflatpanel.com\/#\/schema\/logo\/image\/","url":"https:\/\/javflatpanel.com\/wp-content\/uploads\/2025\/05\/JAV_logo-1030-350x100-1.png","contentUrl":"https:\/\/javflatpanel.com\/wp-content\/uploads\/2025\/05\/JAV_logo-1030-350x100-1.png","width":350,"height":100,"caption":"JAV Electronics"},"image":{"@id":"https:\/\/javflatpanel.com\/#\/schema\/logo\/image\/"},"sameAs":["https:\/\/www.facebook.com\/javboard"]}]}},"_hostinger_reach_plugin_has_subscription_block":false,"_hostinger_reach_plugin_is_elementor":false,"_links":{"self":[{"href":"https:\/\/javflatpanel.com\/fr\/wp-json\/wp\/v2\/pages\/192","targetHints":{"allow":["GET"]}}],"collection":[{"href":"https:\/\/javflatpanel.com\/fr\/wp-json\/wp\/v2\/pages"}],"about":[{"href":"https:\/\/javflatpanel.com\/fr\/wp-json\/wp\/v2\/types\/page"}],"author":[{"embeddable":true,"href":"https:\/\/javflatpanel.com\/fr\/wp-json\/wp\/v2\/users\/1"}],"replies":[{"embeddable":true,"href":"https:\/\/javflatpanel.com\/fr\/wp-json\/wp\/v2\/comments?post=192"}],"version-history":[{"count":124,"href":"https:\/\/javflatpanel.com\/fr\/wp-json\/wp\/v2\/pages\/192\/revisions"}],"predecessor-version":[{"id":9908,"href":"https:\/\/javflatpanel.com\/fr\/wp-json\/wp\/v2\/pages\/192\/revisions\/9908"}],"up":[{"embeddable":true,"href":"https:\/\/javflatpanel.com\/fr\/wp-json\/wp\/v2\/pages\/8501"}],"wp:attachment":[{"href":"https:\/\/javflatpanel.com\/fr\/wp-json\/wp\/v2\/media?parent=192"}],"curies":[{"name":"wp","href":"https:\/\/api.w.org\/{rel}","templated":true}]}}