{"id":199,"date":"2025-07-01T06:16:15","date_gmt":"2025-07-01T06:16:15","guid":{"rendered":"https:\/\/javflatpanel.com\/?page_id=199"},"modified":"2026-04-07T07:38:20","modified_gmt":"2026-04-07T07:38:20","slug":"stylo-intelligent","status":"publish","type":"page","link":"https:\/\/javflatpanel.com\/fr\/products\/smart-pen\/","title":{"rendered":"Stylo intelligent"},"content":{"rendered":"<div data-elementor-type=\"wp-page\" data-elementor-id=\"199\" class=\"elementor elementor-199\" data-elementor-post-type=\"page\">\n\t\t\t\t<div class=\"elementor-element elementor-element-fd6a4fc e-flex e-con-boxed elementor-invisible e-con e-parent\" data-id=\"fd6a4fc\" data-element_type=\"container\" data-e-type=\"container\" data-settings=\"{&quot;animation&quot;:&quot;fadeInDown&quot;,&quot;background_background&quot;:&quot;classic&quot;}\">\n\t\t\t\t\t<div class=\"e-con-inner\">\n\t\t<div class=\"elementor-element elementor-element-ba37db9 e-con-full e-flex e-con e-child\" data-id=\"ba37db9\" data-element_type=\"container\" data-e-type=\"container\">\n\t\t\t\t<div class=\"elementor-element elementor-element-f229d38 elementor-widget__width-auto elementor-widget-mobile__width-initial elementor-widget elementor-widget-heading\" data-id=\"f229d38\" data-element_type=\"widget\" data-e-type=\"widget\" data-widget_type=\"heading.default\">\n\t\t\t\t<div class=\"elementor-widget-container\">\n\t\t\t\t\t<h2 class=\"elementor-heading-title elementor-size-default\">Stylo intelligent JAV<\/h2>\t\t\t\t<\/div>\n\t\t\t\t<\/div>\n\t\t\t\t<div class=\"elementor-element elementor-element-0107a1a elementor-widget-mobile__width-initial elementor-widget elementor-widget-text-editor\" data-id=\"0107a1a\" data-element_type=\"widget\" data-e-type=\"widget\" data-widget_type=\"text-editor.default\">\n\t\t\t\t<div class=\"elementor-widget-container\">\n\t\t\t\t\t\t\t\t\t<p>Contr\u00f4lez la pr\u00e9sentation \u00e0 distance depuis votre si\u00e8ge.<\/p>\t\t\t\t\t\t\t\t<\/div>\n\t\t\t\t<\/div>\n\t\t\t\t<\/div>\n\t\t\t\t\t<\/div>\n\t\t\t\t<\/div>\n\t\t<div class=\"elementor-element elementor-element-ba64fcb e-flex e-con-boxed e-con e-parent\" data-id=\"ba64fcb\" data-element_type=\"container\" data-e-type=\"container\">\n\t\t\t\t\t<div class=\"e-con-inner\">\n\t\t\t\t<div class=\"elementor-element elementor-element-eea959b elementor-widget elementor-widget-spacer\" data-id=\"eea959b\" data-element_type=\"widget\" data-e-type=\"widget\" data-widget_type=\"spacer.default\">\n\t\t\t\t<div class=\"elementor-widget-container\">\n\t\t\t\t\t\t\t<div class=\"elementor-spacer\">\n\t\t\t<div class=\"elementor-spacer-inner\"><\/div>\n\t\t<\/div>\n\t\t\t\t\t\t<\/div>\n\t\t\t\t<\/div>\n\t\t\t\t\t<\/div>\n\t\t\t\t<\/div>\n\t\t<div class=\"elementor-element elementor-element-e8310c0 e-flex e-con-boxed elementor-invisible e-con e-parent\" data-id=\"e8310c0\" data-element_type=\"container\" data-e-type=\"container\" data-settings=\"{&quot;animation&quot;:&quot;fadeInUp&quot;}\">\n\t\t\t\t\t<div class=\"e-con-inner\">\n\t\t<div class=\"elementor-element elementor-element-a450f25 e-con-full e-flex e-con e-child\" data-id=\"a450f25\" data-element_type=\"container\" data-e-type=\"container\">\n\t\t\t\t<div class=\"elementor-element elementor-element-7d0cb63 elementor-widget elementor-widget-heading\" data-id=\"7d0cb63\" data-element_type=\"widget\" data-e-type=\"widget\" data-widget_type=\"heading.default\">\n\t\t\t\t<div class=\"elementor-widget-container\">\n\t\t\t\t\t<h2 class=\"elementor-heading-title elementor-size-default\">Contr\u00f4le intelligent, pr\u00e9sentation sans effort<\/h2>\t\t\t\t<\/div>\n\t\t\t\t<\/div>\n\t\t\t\t<div class=\"elementor-element elementor-element-d1e4b10 elementor-widget elementor-widget-heading\" data-id=\"d1e4b10\" data-element_type=\"widget\" data-e-type=\"widget\" data-widget_type=\"heading.default\">\n\t\t\t\t<div class=\"elementor-widget-container\">\n\t\t\t\t\t<h2 class=\"elementor-heading-title elementor-size-default\">Le stylo intelligent JAV fonctionne comme une souris sans fil et permet de contr\u00f4ler \u00e0 distance une pr\u00e9sentation (tournement de page, lecture vid\u00e9o, pause, etc.). <\/h2>\t\t\t\t<\/div>\n\t\t\t\t<\/div>\n\t\t\t\t<\/div>\n\t\t<div class=\"elementor-element elementor-element-af7f01c e-con-full e-flex e-con e-child\" data-id=\"af7f01c\" data-element_type=\"container\" data-e-type=\"container\">\n\t\t\t\t<div class=\"elementor-element elementor-element-24c03b9 elementor-widget elementor-widget-image\" data-id=\"24c03b9\" data-element_type=\"widget\" data-e-type=\"widget\" data-widget_type=\"image.default\">\n\t\t\t\t<div class=\"elementor-widget-container\">\n\t\t\t\t\t\t\t\t\t\t\t\t\t\t\t<img fetchpriority=\"high\" decoding=\"async\" width=\"1024\" height=\"576\" src=\"https:\/\/javflatpanel.com\/wp-content\/uploads\/2025\/10\/jav-smart-pen-for-smart-boards-with-control-function-1024x576.webp\" class=\"attachment-large size-large wp-image-7074\" alt=\"Image montrant un enseignant utilisant le stylet intelligent Jav pour contr\u00f4ler la lecture vid\u00e9o sur le tableau interactif Jav Smart Board 10.\" srcset=\"https:\/\/javflatpanel.com\/wp-content\/uploads\/2025\/10\/jav-smart-pen-for-smart-boards-with-control-function-1024x576.webp 1024w, https:\/\/javflatpanel.com\/wp-content\/uploads\/2025\/10\/jav-smart-pen-for-smart-boards-with-control-function-300x169.webp 300w, https:\/\/javflatpanel.com\/wp-content\/uploads\/2025\/10\/jav-smart-pen-for-smart-boards-with-control-function-768x432.webp 768w, https:\/\/javflatpanel.com\/wp-content\/uploads\/2025\/10\/jav-smart-pen-for-smart-boards-with-control-function.webp 1536w\" sizes=\"(max-width: 1024px) 100vw, 1024px\" \/>\t\t\t\t\t\t\t\t\t\t\t\t\t\t\t<\/div>\n\t\t\t\t<\/div>\n\t\t\t\t<\/div>\n\t\t\t\t\t<\/div>\n\t\t\t\t<\/div>\n\t\t<div class=\"elementor-element elementor-element-23e6448 e-flex e-con-boxed e-con e-parent\" data-id=\"23e6448\" data-element_type=\"container\" data-e-type=\"container\">\n\t\t\t\t\t<div class=\"e-con-inner\">\n\t\t\t\t<div class=\"elementor-element elementor-element-7534dd0 elementor-widget elementor-widget-spacer\" data-id=\"7534dd0\" data-element_type=\"widget\" data-e-type=\"widget\" data-widget_type=\"spacer.default\">\n\t\t\t\t<div class=\"elementor-widget-container\">\n\t\t\t\t\t\t\t<div class=\"elementor-spacer\">\n\t\t\t<div class=\"elementor-spacer-inner\"><\/div>\n\t\t<\/div>\n\t\t\t\t\t\t<\/div>\n\t\t\t\t<\/div>\n\t\t\t\t\t<\/div>\n\t\t\t\t<\/div>\n\t\t<div class=\"elementor-element elementor-element-f2e216a e-flex e-con-boxed elementor-invisible e-con e-parent\" data-id=\"f2e216a\" data-element_type=\"container\" data-e-type=\"container\" data-settings=\"{&quot;animation&quot;:&quot;fadeInUp&quot;}\">\n\t\t\t\t\t<div class=\"e-con-inner\">\n\t\t<div class=\"elementor-element elementor-element-f5c167a e-con-full e-flex e-con e-child\" data-id=\"f5c167a\" data-element_type=\"container\" data-e-type=\"container\">\n\t\t\t\t<div class=\"elementor-element elementor-element-668da45 elementor-widget elementor-widget-image\" data-id=\"668da45\" data-element_type=\"widget\" data-e-type=\"widget\" data-widget_type=\"image.default\">\n\t\t\t\t<div class=\"elementor-widget-container\">\n\t\t\t\t\t\t\t\t\t\t\t\t\t\t\t<img decoding=\"async\" width=\"1024\" height=\"578\" src=\"https:\/\/javflatpanel.com\/wp-content\/uploads\/2025\/10\/remote-control-jav-smart-board-smart-stylus-1024x578.webp\" class=\"attachment-large size-large wp-image-6246\" alt=\"t\u00e9l\u00e9commande jav tableau interactif stylet intelligent\" srcset=\"https:\/\/javflatpanel.com\/wp-content\/uploads\/2025\/10\/remote-control-jav-smart-board-smart-stylus-1024x578.webp 1024w, https:\/\/javflatpanel.com\/wp-content\/uploads\/2025\/10\/remote-control-jav-smart-board-smart-stylus-300x169.webp 300w, https:\/\/javflatpanel.com\/wp-content\/uploads\/2025\/10\/remote-control-jav-smart-board-smart-stylus-768x434.webp 768w, https:\/\/javflatpanel.com\/wp-content\/uploads\/2025\/10\/remote-control-jav-smart-board-smart-stylus-1536x867.webp 1536w, https:\/\/javflatpanel.com\/wp-content\/uploads\/2025\/10\/remote-control-jav-smart-board-smart-stylus.webp 2040w\" sizes=\"(max-width: 1024px) 100vw, 1024px\" \/>\t\t\t\t\t\t\t\t\t\t\t\t\t\t\t<\/div>\n\t\t\t\t<\/div>\n\t\t\t\t<\/div>\n\t\t<div class=\"elementor-element elementor-element-05375a0 e-con-full e-flex e-con e-child\" data-id=\"05375a0\" data-element_type=\"container\" data-e-type=\"container\">\n\t\t\t\t<div class=\"elementor-element elementor-element-c7c7474 elementor-widget elementor-widget-heading\" data-id=\"c7c7474\" data-element_type=\"widget\" data-e-type=\"widget\" data-widget_type=\"heading.default\">\n\t\t\t\t<div class=\"elementor-widget-container\">\n\t\t\t\t\t<h2 class=\"elementor-heading-title elementor-size-default\">Libert\u00e9 de mouvement \u2014 ou confort<\/h2>\t\t\t\t<\/div>\n\t\t\t\t<\/div>\n\t\t\t\t<div class=\"elementor-element elementor-element-3859ff9 elementor-widget elementor-widget-heading\" data-id=\"3859ff9\" data-element_type=\"widget\" data-e-type=\"widget\" data-widget_type=\"heading.default\">\n\t\t\t\t<div class=\"elementor-widget-container\">\n\t\t\t\t\t<h2 class=\"elementor-heading-title elementor-size-default\">Parfois, nous avons simplement besoin de rester assis pour faire notre pr\u00e9sentation, ou nous voulons nous asseoir pour nous reposer un peu pendant celle-ci ; dans ce cas, nous utilisons le stylet intelligent pour nous aider \u00e0 contr\u00f4ler la pr\u00e9sentation \u00e0 distance.<\/h2>\t\t\t\t<\/div>\n\t\t\t\t<\/div>\n\t\t\t\t<\/div>\n\t\t\t\t\t<\/div>\n\t\t\t\t<\/div>\n\t\t<div class=\"elementor-element elementor-element-4d156c9 e-flex e-con-boxed e-con e-parent\" data-id=\"4d156c9\" data-element_type=\"container\" data-e-type=\"container\">\n\t\t\t\t\t<div class=\"e-con-inner\">\n\t\t\t\t<div class=\"elementor-element elementor-element-fc6f0bf elementor-widget elementor-widget-spacer\" data-id=\"fc6f0bf\" data-element_type=\"widget\" data-e-type=\"widget\" data-widget_type=\"spacer.default\">\n\t\t\t\t<div class=\"elementor-widget-container\">\n\t\t\t\t\t\t\t<div class=\"elementor-spacer\">\n\t\t\t<div class=\"elementor-spacer-inner\"><\/div>\n\t\t<\/div>\n\t\t\t\t\t\t<\/div>\n\t\t\t\t<\/div>\n\t\t\t\t\t<\/div>\n\t\t\t\t<\/div>\n\t\t<div class=\"elementor-element elementor-element-44fe7c8 e-flex e-con-boxed e-con e-parent\" data-id=\"44fe7c8\" data-element_type=\"container\" data-e-type=\"container\">\n\t\t\t\t\t<div class=\"e-con-inner\">\n\t\t<div class=\"elementor-element elementor-element-ee54ba2 e-con-full e-flex e-con e-child\" data-id=\"ee54ba2\" data-element_type=\"container\" data-e-type=\"container\">\n\t\t\t\t<div class=\"elementor-element elementor-element-490ef53 elementor-widget elementor-widget-heading\" data-id=\"490ef53\" data-element_type=\"widget\" data-e-type=\"widget\" data-widget_type=\"heading.default\">\n\t\t\t\t<div class=\"elementor-widget-container\">\n\t\t\t\t\t<h2 class=\"elementor-heading-title elementor-size-default\">\u00c9criture intelligente<\/h2>\t\t\t\t<\/div>\n\t\t\t\t<\/div>\n\t\t\t\t<div class=\"elementor-element elementor-element-5bbbb3f elementor-widget elementor-widget-heading\" data-id=\"5bbbb3f\" data-element_type=\"widget\" data-e-type=\"widget\" data-widget_type=\"heading.default\">\n\t\t\t\t<div class=\"elementor-widget-container\">\n\t\t\t\t\t<h2 class=\"elementor-heading-title elementor-size-default\">Outre sa fonction de t\u00e9l\u00e9commande, notre stylo intelligent permet \u00e9galement d&#039;\u00e9crire. Gr\u00e2ce \u00e0 sa pointe soigneusement con\u00e7ue, il offre une exp\u00e9rience d&#039;\u00e9criture fluide.  <\/h2>\t\t\t\t<\/div>\n\t\t\t\t<\/div>\n\t\t\t\t<\/div>\n\t\t<div class=\"elementor-element elementor-element-30f397a e-con-full e-flex e-con e-child\" data-id=\"30f397a\" data-element_type=\"container\" data-e-type=\"container\">\n\t\t\t\t<div class=\"elementor-element elementor-element-37c98b7 elementor-widget elementor-widget-image\" data-id=\"37c98b7\" data-element_type=\"widget\" data-e-type=\"widget\" data-widget_type=\"image.default\">\n\t\t\t\t<div class=\"elementor-widget-container\">\n\t\t\t\t\t\t\t\t\t\t\t\t\t\t\t<img decoding=\"async\" width=\"1024\" height=\"576\" src=\"https:\/\/javflatpanel.com\/wp-content\/uploads\/2025\/10\/smooth-writing-jav-smart-board-stylus-1024x576.webp\" class=\"attachment-large size-large wp-image-6245\" alt=\"stylet pour tableau blanc interactif Jav \u00e0 \u00e9criture fluide\" srcset=\"https:\/\/javflatpanel.com\/wp-content\/uploads\/2025\/10\/smooth-writing-jav-smart-board-stylus-1024x576.webp 1024w, https:\/\/javflatpanel.com\/wp-content\/uploads\/2025\/10\/smooth-writing-jav-smart-board-stylus-300x169.webp 300w, https:\/\/javflatpanel.com\/wp-content\/uploads\/2025\/10\/smooth-writing-jav-smart-board-stylus-768x432.webp 768w, https:\/\/javflatpanel.com\/wp-content\/uploads\/2025\/10\/smooth-writing-jav-smart-board-stylus-1536x864.webp 1536w, https:\/\/javflatpanel.com\/wp-content\/uploads\/2025\/10\/smooth-writing-jav-smart-board-stylus.webp 2048w\" sizes=\"(max-width: 1024px) 100vw, 1024px\" \/>\t\t\t\t\t\t\t\t\t\t\t\t\t\t\t<\/div>\n\t\t\t\t<\/div>\n\t\t\t\t<\/div>\n\t\t\t\t\t<\/div>\n\t\t\t\t<\/div>\n\t\t\t\t<\/div>","protected":false},"excerpt":{"rendered":"<p>JAV Smart Pen Control the presentation remotely from your seat. Smart Control, Effortless Presentation JAV smart pen is just like a wireless mouse and it can help us control the presentation remotely with page turning, video playback, pause, etc. Freedom to Move \u2014 or Stay Comfortable Sometimes, we just need to sit on our seat&#8230;<\/p>","protected":false},"author":1,"featured_media":0,"parent":8501,"menu_order":0,"comment_status":"closed","ping_status":"closed","template":"","meta":{"_acf_changed":false,"_kad_post_transparent":"","_kad_post_title":"hide","_kad_post_layout":"fullwidth","_kad_post_sidebar_id":"","_kad_post_content_style":"unboxed","_kad_post_vertical_padding":"hide","_kad_post_feature":"hide","_kad_post_feature_position":"","_kad_post_header":false,"_kad_post_footer":false,"_kad_post_classname":"","footnotes":""},"class_list":["post-199","page","type-page","status-publish","hentry"],"acf":[],"yoast_head":"<!-- This site is optimized with the Yoast SEO plugin v27.3 - https:\/\/yoast.com\/product\/yoast-seo-wordpress\/ -->\n<title>Smart Pen - JAV Board<\/title>\n<meta name=\"description\" content=\"Discover the Smart Pen \u2013 a Bluetooth stylus with air mouse and page-turning buttons, perfect for interactive presentations with Smart Boards and devices.\" \/>\n<meta name=\"robots\" content=\"index, follow, max-snippet:-1, max-image-preview:large, max-video-preview:-1\" \/>\n<link rel=\"canonical\" href=\"https:\/\/javflatpanel.com\/fr\/produits\/stylo-intelligent\/\" \/>\n<meta property=\"og:locale\" content=\"fr_FR\" \/>\n<meta property=\"og:type\" content=\"article\" \/>\n<meta property=\"og:title\" content=\"Smart Pen - JAV Board\" \/>\n<meta property=\"og:description\" content=\"Discover the Smart Pen \u2013 a Bluetooth stylus with air mouse and page-turning buttons, perfect for interactive presentations with Smart Boards and devices.\" \/>\n<meta property=\"og:url\" content=\"https:\/\/javflatpanel.com\/fr\/produits\/stylo-intelligent\/\" \/>\n<meta property=\"og:site_name\" content=\"JAV Board\" \/>\n<meta property=\"article:publisher\" content=\"https:\/\/www.facebook.com\/javboard\" \/>\n<meta property=\"article:modified_time\" content=\"2026-04-07T07:38:20+00:00\" \/>\n<meta property=\"og:image\" content=\"https:\/\/javflatpanel.com\/wp-content\/uploads\/2025\/10\/jav-smart-pen-for-smart-boards-with-control-function.webp\" \/>\n\t<meta property=\"og:image:width\" content=\"1536\" \/>\n\t<meta property=\"og:image:height\" content=\"864\" \/>\n\t<meta property=\"og:image:type\" content=\"image\/webp\" \/>\n<meta name=\"twitter:card\" content=\"summary_large_image\" \/>\n<meta name=\"twitter:label1\" content=\"Dur\u00e9e de lecture estim\u00e9e\" \/>\n\t<meta name=\"twitter:data1\" content=\"2 minutes\" \/>\n<script type=\"application\/ld+json\" class=\"yoast-schema-graph\">{\"@context\":\"https:\\\/\\\/schema.org\",\"@graph\":[{\"@type\":\"WebPage\",\"@id\":\"https:\\\/\\\/javflatpanel.com\\\/products\\\/smart-pen\\\/\",\"url\":\"https:\\\/\\\/javflatpanel.com\\\/products\\\/smart-pen\\\/\",\"name\":\"Smart Pen - JAV Board\",\"isPartOf\":{\"@id\":\"https:\\\/\\\/javflatpanel.com\\\/#website\"},\"primaryImageOfPage\":{\"@id\":\"https:\\\/\\\/javflatpanel.com\\\/products\\\/smart-pen\\\/#primaryimage\"},\"image\":{\"@id\":\"https:\\\/\\\/javflatpanel.com\\\/products\\\/smart-pen\\\/#primaryimage\"},\"thumbnailUrl\":\"https:\\\/\\\/javflatpanel.com\\\/wp-content\\\/uploads\\\/2025\\\/10\\\/jav-smart-pen-for-smart-boards-with-control-function-1024x576.webp\",\"datePublished\":\"2025-07-01T06:16:15+00:00\",\"dateModified\":\"2026-04-07T07:38:20+00:00\",\"description\":\"Discover the Smart Pen \u2013 a Bluetooth stylus with air mouse and page-turning buttons, perfect for interactive presentations with Smart Boards and devices.\",\"breadcrumb\":{\"@id\":\"https:\\\/\\\/javflatpanel.com\\\/products\\\/smart-pen\\\/#breadcrumb\"},\"inLanguage\":\"fr-FR\",\"potentialAction\":[{\"@type\":\"ReadAction\",\"target\":[\"https:\\\/\\\/javflatpanel.com\\\/products\\\/smart-pen\\\/\"]}]},{\"@type\":\"ImageObject\",\"inLanguage\":\"fr-FR\",\"@id\":\"https:\\\/\\\/javflatpanel.com\\\/products\\\/smart-pen\\\/#primaryimage\",\"url\":\"https:\\\/\\\/javflatpanel.com\\\/wp-content\\\/uploads\\\/2025\\\/10\\\/jav-smart-pen-for-smart-boards-with-control-function-1024x576.webp\",\"contentUrl\":\"https:\\\/\\\/javflatpanel.com\\\/wp-content\\\/uploads\\\/2025\\\/10\\\/jav-smart-pen-for-smart-boards-with-control-function-1024x576.webp\"},{\"@type\":\"BreadcrumbList\",\"@id\":\"https:\\\/\\\/javflatpanel.com\\\/products\\\/smart-pen\\\/#breadcrumb\",\"itemListElement\":[{\"@type\":\"ListItem\",\"position\":1,\"name\":\"Home\",\"item\":\"https:\\\/\\\/javflatpanel.com\\\/\"},{\"@type\":\"ListItem\",\"position\":2,\"name\":\"Products\",\"item\":\"https:\\\/\\\/javflatpanel.com\\\/products\\\/\"},{\"@type\":\"ListItem\",\"position\":3,\"name\":\"Smart Pen\"}]},{\"@type\":\"WebSite\",\"@id\":\"https:\\\/\\\/javflatpanel.com\\\/#website\",\"url\":\"https:\\\/\\\/javflatpanel.com\\\/\",\"name\":\"JAV Board\",\"description\":\"All-in-one device for meeting, teaching, and home use.\",\"publisher\":{\"@id\":\"https:\\\/\\\/javflatpanel.com\\\/#organization\"},\"alternateName\":\"JAV Board\",\"potentialAction\":[{\"@type\":\"SearchAction\",\"target\":{\"@type\":\"EntryPoint\",\"urlTemplate\":\"https:\\\/\\\/javflatpanel.com\\\/?s={search_term_string}\"},\"query-input\":{\"@type\":\"PropertyValueSpecification\",\"valueRequired\":true,\"valueName\":\"search_term_string\"}}],\"inLanguage\":\"fr-FR\"},{\"@type\":\"Organization\",\"@id\":\"https:\\\/\\\/javflatpanel.com\\\/#organization\",\"name\":\"JAV Electronics\",\"url\":\"https:\\\/\\\/javflatpanel.com\\\/\",\"logo\":{\"@type\":\"ImageObject\",\"inLanguage\":\"fr-FR\",\"@id\":\"https:\\\/\\\/javflatpanel.com\\\/#\\\/schema\\\/logo\\\/image\\\/\",\"url\":\"https:\\\/\\\/javflatpanel.com\\\/wp-content\\\/uploads\\\/2025\\\/05\\\/JAV_logo-1030-350x100-1.png\",\"contentUrl\":\"https:\\\/\\\/javflatpanel.com\\\/wp-content\\\/uploads\\\/2025\\\/05\\\/JAV_logo-1030-350x100-1.png\",\"width\":350,\"height\":100,\"caption\":\"JAV Electronics\"},\"image\":{\"@id\":\"https:\\\/\\\/javflatpanel.com\\\/#\\\/schema\\\/logo\\\/image\\\/\"},\"sameAs\":[\"https:\\\/\\\/www.facebook.com\\\/javboard\"]}]}<\/script>\n<!-- \/ Yoast SEO plugin. -->","yoast_head_json":{"title":"Stylo intelligent - Tableau JAV","description":"D\u00e9couvrez le Smart Pen \u2013 un stylet Bluetooth avec souris a\u00e9rienne et boutons de changement de page, id\u00e9al pour les pr\u00e9sentations interactives avec tableaux et appareils interactifs.","robots":{"index":"index","follow":"follow","max-snippet":"max-snippet:-1","max-image-preview":"max-image-preview:large","max-video-preview":"max-video-preview:-1"},"canonical":"https:\/\/javflatpanel.com\/fr\/produits\/stylo-intelligent\/","og_locale":"fr_FR","og_type":"article","og_title":"Smart Pen - JAV Board","og_description":"Discover the Smart Pen \u2013 a Bluetooth stylus with air mouse and page-turning buttons, perfect for interactive presentations with Smart Boards and devices.","og_url":"https:\/\/javflatpanel.com\/fr\/produits\/stylo-intelligent\/","og_site_name":"JAV Board","article_publisher":"https:\/\/www.facebook.com\/javboard","article_modified_time":"2026-04-07T07:38:20+00:00","og_image":[{"width":1536,"height":864,"url":"https:\/\/javflatpanel.com\/wp-content\/uploads\/2025\/10\/jav-smart-pen-for-smart-boards-with-control-function.webp","type":"image\/webp"}],"twitter_card":"summary_large_image","twitter_misc":{"Dur\u00e9e de lecture estim\u00e9e":"2 minutes"},"schema":{"@context":"https:\/\/schema.org","@graph":[{"@type":"WebPage","@id":"https:\/\/javflatpanel.com\/products\/smart-pen\/","url":"https:\/\/javflatpanel.com\/products\/smart-pen\/","name":"Stylo intelligent - Tableau JAV","isPartOf":{"@id":"https:\/\/javflatpanel.com\/#website"},"primaryImageOfPage":{"@id":"https:\/\/javflatpanel.com\/products\/smart-pen\/#primaryimage"},"image":{"@id":"https:\/\/javflatpanel.com\/products\/smart-pen\/#primaryimage"},"thumbnailUrl":"https:\/\/javflatpanel.com\/wp-content\/uploads\/2025\/10\/jav-smart-pen-for-smart-boards-with-control-function-1024x576.webp","datePublished":"2025-07-01T06:16:15+00:00","dateModified":"2026-04-07T07:38:20+00:00","description":"D\u00e9couvrez le Smart Pen \u2013 un stylet Bluetooth avec souris a\u00e9rienne et boutons de changement de page, id\u00e9al pour les pr\u00e9sentations interactives avec tableaux et appareils interactifs.","breadcrumb":{"@id":"https:\/\/javflatpanel.com\/products\/smart-pen\/#breadcrumb"},"inLanguage":"fr-FR","potentialAction":[{"@type":"ReadAction","target":["https:\/\/javflatpanel.com\/products\/smart-pen\/"]}]},{"@type":"ImageObject","inLanguage":"fr-FR","@id":"https:\/\/javflatpanel.com\/products\/smart-pen\/#primaryimage","url":"https:\/\/javflatpanel.com\/wp-content\/uploads\/2025\/10\/jav-smart-pen-for-smart-boards-with-control-function-1024x576.webp","contentUrl":"https:\/\/javflatpanel.com\/wp-content\/uploads\/2025\/10\/jav-smart-pen-for-smart-boards-with-control-function-1024x576.webp"},{"@type":"BreadcrumbList","@id":"https:\/\/javflatpanel.com\/products\/smart-pen\/#breadcrumb","itemListElement":[{"@type":"ListItem","position":1,"name":"Home","item":"https:\/\/javflatpanel.com\/"},{"@type":"ListItem","position":2,"name":"Products","item":"https:\/\/javflatpanel.com\/products\/"},{"@type":"ListItem","position":3,"name":"Smart Pen"}]},{"@type":"WebSite","@id":"https:\/\/javflatpanel.com\/#website","url":"https:\/\/javflatpanel.com\/","name":"Conseil JAV","description":"Appareil tout-en-un pour les r\u00e9unions, l&#039;enseignement et l&#039;utilisation \u00e0 domicile.","publisher":{"@id":"https:\/\/javflatpanel.com\/#organization"},"alternateName":"JAV Board","potentialAction":[{"@type":"SearchAction","target":{"@type":"EntryPoint","urlTemplate":"https:\/\/javflatpanel.com\/?s={search_term_string}"},"query-input":{"@type":"PropertyValueSpecification","valueRequired":true,"valueName":"search_term_string"}}],"inLanguage":"fr-FR"},{"@type":"Organization","@id":"https:\/\/javflatpanel.com\/#organization","name":"JAV Electronics","url":"https:\/\/javflatpanel.com\/","logo":{"@type":"ImageObject","inLanguage":"fr-FR","@id":"https:\/\/javflatpanel.com\/#\/schema\/logo\/image\/","url":"https:\/\/javflatpanel.com\/wp-content\/uploads\/2025\/05\/JAV_logo-1030-350x100-1.png","contentUrl":"https:\/\/javflatpanel.com\/wp-content\/uploads\/2025\/05\/JAV_logo-1030-350x100-1.png","width":350,"height":100,"caption":"JAV Electronics"},"image":{"@id":"https:\/\/javflatpanel.com\/#\/schema\/logo\/image\/"},"sameAs":["https:\/\/www.facebook.com\/javboard"]}]}},"_hostinger_reach_plugin_has_subscription_block":false,"_hostinger_reach_plugin_is_elementor":false,"_links":{"self":[{"href":"https:\/\/javflatpanel.com\/fr\/wp-json\/wp\/v2\/pages\/199","targetHints":{"allow":["GET"]}}],"collection":[{"href":"https:\/\/javflatpanel.com\/fr\/wp-json\/wp\/v2\/pages"}],"about":[{"href":"https:\/\/javflatpanel.com\/fr\/wp-json\/wp\/v2\/types\/page"}],"author":[{"embeddable":true,"href":"https:\/\/javflatpanel.com\/fr\/wp-json\/wp\/v2\/users\/1"}],"replies":[{"embeddable":true,"href":"https:\/\/javflatpanel.com\/fr\/wp-json\/wp\/v2\/comments?post=199"}],"version-history":[{"count":109,"href":"https:\/\/javflatpanel.com\/fr\/wp-json\/wp\/v2\/pages\/199\/revisions"}],"predecessor-version":[{"id":9918,"href":"https:\/\/javflatpanel.com\/fr\/wp-json\/wp\/v2\/pages\/199\/revisions\/9918"}],"up":[{"embeddable":true,"href":"https:\/\/javflatpanel.com\/fr\/wp-json\/wp\/v2\/pages\/8501"}],"wp:attachment":[{"href":"https:\/\/javflatpanel.com\/fr\/wp-json\/wp\/v2\/media?parent=199"}],"curies":[{"name":"wp","href":"https:\/\/api.w.org\/{rel}","templated":true}]}}