{"id":234,"date":"2025-07-01T07:01:49","date_gmt":"2025-07-01T07:01:49","guid":{"rendered":"https:\/\/javflatpanel.com\/?page_id=234"},"modified":"2025-10-29T03:53:06","modified_gmt":"2025-10-29T03:53:06","slug":"demander-un-devis","status":"publish","type":"page","link":"https:\/\/javflatpanel.com\/fr\/request-a-quote\/","title":{"rendered":"Demander un devis"},"content":{"rendered":"\t\t<div data-elementor-type=\"wp-page\" data-elementor-id=\"234\" class=\"elementor elementor-234\" data-elementor-post-type=\"page\">\n\t\t\t\t<div class=\"elementor-element elementor-element-53fb99d e-flex e-con-boxed e-con e-parent\" data-id=\"53fb99d\" data-element_type=\"container\" data-e-type=\"container\" data-settings=\"{&quot;background_background&quot;:&quot;gradient&quot;,&quot;shape_divider_top&quot;:&quot;mountains&quot;}\">\n\t\t\t\t\t<div class=\"e-con-inner\">\n\t\t\t\t<div class=\"elementor-shape elementor-shape-top\" aria-hidden=\"true\" data-negative=\"false\">\n\t\t\t<svg xmlns=\"http:\/\/www.w3.org\/2000\/svg\" viewBox=\"0 0 1000 100\" preserveAspectRatio=\"none\">\n\t<path class=\"elementor-shape-fill\" opacity=\"0.33\" d=\"M473,67.3c-203.9,88.3-263.1-34-320.3,0C66,119.1,0,59.7,0,59.7V0h1000v59.7 c0,0-62.1,26.1-94.9,29.3c-32.8,3.3-62.8-12.3-75.8-22.1C806,49.6,745.3,8.7,694.9,4.7S492.4,59,473,67.3z\"\/>\n\t<path class=\"elementor-shape-fill\" opacity=\"0.66\" d=\"M734,67.3c-45.5,0-77.2-23.2-129.1-39.1c-28.6-8.7-150.3-10.1-254,39.1 s-91.7-34.4-149.2,0C115.7,118.3,0,39.8,0,39.8V0h1000v36.5c0,0-28.2-18.5-92.1-18.5C810.2,18.1,775.7,67.3,734,67.3z\"\/>\n\t<path class=\"elementor-shape-fill\" d=\"M766.1,28.9c-200-57.5-266,65.5-395.1,19.5C242,1.8,242,5.4,184.8,20.6C128,35.8,132.3,44.9,89.9,52.5C28.6,63.7,0,0,0,0 h1000c0,0-9.9,40.9-83.6,48.1S829.6,47,766.1,28.9z\"\/>\n<\/svg>\t\t<\/div>\n\t\t<div class=\"elementor-element elementor-element-eb4aa99 e-con-full e-flex e-con e-child\" data-id=\"eb4aa99\" data-element_type=\"container\" data-e-type=\"container\">\n\t\t\t\t<div class=\"elementor-element elementor-element-2a06220 elementor-widget elementor-widget-heading\" data-id=\"2a06220\" data-element_type=\"widget\" data-e-type=\"widget\" data-widget_type=\"heading.default\">\n\t\t\t\t<div class=\"elementor-widget-container\">\n\t\t\t\t\t<h2 class=\"elementor-heading-title elementor-size-default\">Get the top-rated JAV Board to boost productivity<\/h2>\t\t\t\t<\/div>\n\t\t\t\t<\/div>\n\t\t<div class=\"elementor-element elementor-element-ba6553d e-con-full e-flex e-con e-child\" data-id=\"ba6553d\" data-element_type=\"container\" data-e-type=\"container\">\n\t\t<div class=\"elementor-element elementor-element-e357011 e-con-full e-flex e-con e-child\" data-id=\"e357011\" data-element_type=\"container\" data-e-type=\"container\">\n\t\t\t\t<div class=\"elementor-element elementor-element-fde8e76 elementor-widget elementor-widget-image\" data-id=\"fde8e76\" data-element_type=\"widget\" data-e-type=\"widget\" data-widget_type=\"image.default\">\n\t\t\t\t<div class=\"elementor-widget-container\">\n\t\t\t\t\t\t\t\t\t\t\t\t\t\t\t<img fetchpriority=\"high\" decoding=\"async\" width=\"650\" height=\"560\" src=\"https:\/\/javflatpanel.com\/wp-content\/uploads\/2025\/10\/\u597d\u8bc4.jpg\" class=\"attachment-large size-large wp-image-7433\" alt=\"Customer&#039;s review about JAV Board.\" srcset=\"https:\/\/javflatpanel.com\/wp-content\/uploads\/2025\/10\/\u597d\u8bc4.jpg 650w, https:\/\/javflatpanel.com\/wp-content\/uploads\/2025\/10\/\u597d\u8bc4-300x258.jpg 300w\" sizes=\"(max-width: 650px) 100vw, 650px\" \/>\t\t\t\t\t\t\t\t\t\t\t\t\t\t\t<\/div>\n\t\t\t\t<\/div>\n\t\t\t\t<\/div>\n\t\t\t\t<\/div>\n\t\t\t\t<\/div>\n\t\t<div class=\"elementor-element elementor-element-e7ffbab e-con-full e-flex e-con e-child\" data-id=\"e7ffbab\" data-element_type=\"container\" data-e-type=\"container\" data-settings=\"{&quot;background_background&quot;:&quot;classic&quot;}\">\n\t\t\t\t<div class=\"elementor-element elementor-element-6d91e04 elementor-button-align-stretch elementor-widget elementor-widget-form\" data-id=\"6d91e04\" data-element_type=\"widget\" data-e-type=\"widget\" data-settings=\"{&quot;step_next_label&quot;:&quot;Next&quot;,&quot;step_previous_label&quot;:&quot;Previous&quot;,&quot;button_width&quot;:&quot;100&quot;,&quot;step_type&quot;:&quot;number_text&quot;,&quot;step_icon_shape&quot;:&quot;circle&quot;}\" data-widget_type=\"form.default\">\n\t\t\t\t<div class=\"elementor-widget-container\">\n\t\t\t\t\t\t\t<form class=\"elementor-form\" method=\"post\" name=\"Quote Form\" aria-label=\"Quote Form\">\n\t\t\t<input type=\"hidden\" name=\"post_id\" value=\"234\"\/>\n\t\t\t<input type=\"hidden\" name=\"form_id\" value=\"6d91e04\"\/>\n\t\t\t<input type=\"hidden\" name=\"referer_title\" value=\"JAV Board\" \/>\n\n\t\t\t\n\t\t\t<div class=\"elementor-form-fields-wrapper elementor-labels-above\">\n\t\t\t\t\t\t\t\t<div class=\"elementor-field-type-html elementor-field-group elementor-column elementor-field-group-field_5d92154 elementor-col-100\">\n\t\t\t\t\t<h2><b>Let\u2019s Find the Perfect Smart Board for You<br\/><\/h2>\nFill out the form below, and our specialists will get back to you with a personalized quote, bundle options, and expert advice to help you choose the ideal solution.<\/b>\t\t\t\t<\/div>\n\t\t\t\t\t\t\t\t<div class=\"elementor-field-type-text elementor-field-group elementor-column elementor-field-group-field_d812163 elementor-col-50 elementor-field-required elementor-mark-required\">\n\t\t\t\t\t\t\t\t\t\t\t\t<label for=\"form-field-field_d812163\" class=\"elementor-field-label\">\n\t\t\t\t\t\t\t\tFirst name\t\t\t\t\t\t\t<\/label>\n\t\t\t\t\t\t\t\t\t\t\t\t\t\t<input size=\"1\" type=\"text\" name=\"form_fields[field_d812163]\" id=\"form-field-field_d812163\" class=\"elementor-field elementor-size-sm  elementor-field-textual\" required=\"required\">\n\t\t\t\t\t\t\t\t\t\t\t<\/div>\n\t\t\t\t\t\t\t\t<div class=\"elementor-field-type-text elementor-field-group elementor-column elementor-field-group-field_575da5c elementor-col-50 elementor-field-required elementor-mark-required\">\n\t\t\t\t\t\t\t\t\t\t\t\t<label for=\"form-field-field_575da5c\" class=\"elementor-field-label\">\n\t\t\t\t\t\t\t\tLast name\t\t\t\t\t\t\t<\/label>\n\t\t\t\t\t\t\t\t\t\t\t\t\t\t<input size=\"1\" type=\"text\" name=\"form_fields[field_575da5c]\" id=\"form-field-field_575da5c\" class=\"elementor-field elementor-size-sm  elementor-field-textual\" required=\"required\">\n\t\t\t\t\t\t\t\t\t\t\t<\/div>\n\t\t\t\t\t\t\t\t<div class=\"elementor-field-type-email elementor-field-group elementor-column elementor-field-group-email elementor-col-100 elementor-field-required elementor-mark-required\">\n\t\t\t\t\t\t\t\t\t\t\t\t<label for=\"form-field-email\" class=\"elementor-field-label\">\n\t\t\t\t\t\t\t\tWork Email\t\t\t\t\t\t\t<\/label>\n\t\t\t\t\t\t\t\t\t\t\t\t\t\t<input size=\"1\" type=\"email\" name=\"form_fields[email]\" id=\"form-field-email\" class=\"elementor-field elementor-size-sm  elementor-field-textual\" required=\"required\">\n\t\t\t\t\t\t\t\t\t\t\t<\/div>\n\t\t\t\t\t\t\t\t<div class=\"elementor-field-type-tel elementor-field-group elementor-column elementor-field-group-field_52a0713 elementor-col-100 elementor-field-required elementor-mark-required\">\n\t\t\t\t\t\t\t\t\t\t\t\t<label for=\"form-field-field_52a0713\" class=\"elementor-field-label\">\n\t\t\t\t\t\t\t\tPhone Number\t\t\t\t\t\t\t<\/label>\n\t\t\t\t\t\t\t\t<input size=\"1\" type=\"tel\" name=\"form_fields[field_52a0713]\" id=\"form-field-field_52a0713\" class=\"elementor-field elementor-size-sm  elementor-field-textual\" required=\"required\" pattern=\"[0-9()#&amp;+*-=.]+\" title=\"Seuls les caract\u00e8res de num\u00e9ros de t\u00e9l\u00e9phone (#, -, *, etc.) sont accept\u00e9s.\">\n\n\t\t\t\t\t\t<\/div>\n\t\t\t\t\t\t\t\t<div class=\"elementor-field-type-text elementor-field-group elementor-column elementor-field-group-field_1a9d825 elementor-col-50 elementor-field-required elementor-mark-required\">\n\t\t\t\t\t\t\t\t\t\t\t\t<label for=\"form-field-field_1a9d825\" class=\"elementor-field-label\">\n\t\t\t\t\t\t\t\tCompany name\t\t\t\t\t\t\t<\/label>\n\t\t\t\t\t\t\t\t\t\t\t\t\t\t<input size=\"1\" type=\"text\" name=\"form_fields[field_1a9d825]\" id=\"form-field-field_1a9d825\" class=\"elementor-field elementor-size-sm  elementor-field-textual\" required=\"required\">\n\t\t\t\t\t\t\t\t\t\t\t<\/div>\n\t\t\t\t\t\t\t\t<div class=\"elementor-field-type-select elementor-field-group elementor-column elementor-field-group-field_33c1cf7 elementor-col-50 elementor-field-required elementor-mark-required\">\n\t\t\t\t\t\t\t\t\t\t\t\t<label for=\"form-field-field_33c1cf7\" class=\"elementor-field-label\">\n\t\t\t\t\t\t\t\tIndustry category\t\t\t\t\t\t\t<\/label>\n\t\t\t\t\t\t\t\t<div class=\"elementor-field elementor-select-wrapper remove-before \">\n\t\t\t<div class=\"select-caret-down-wrapper\">\n\t\t\t\t<svg aria-hidden=\"true\" class=\"e-font-icon-svg e-eicon-caret-down\" viewBox=\"0 0 571.4 571.4\" xmlns=\"http:\/\/www.w3.org\/2000\/svg\"><path d=\"M571 393Q571 407 561 418L311 668Q300 679 286 679T261 668L11 418Q0 407 0 393T11 368 36 357H536Q550 357 561 368T571 393Z\"><\/path><\/svg>\t\t\t<\/div>\n\t\t\t<select name=\"form_fields[field_33c1cf7]\" id=\"form-field-field_33c1cf7\" class=\"elementor-field-textual elementor-size-sm\" required=\"required\">\n\t\t\t\t\t\t\t\t\t<option value=\"Architect, Design, Engineering\">Architect, Design, Engineering<\/option>\n\t\t\t\t\t\t\t\t\t<option value=\"Construction\">Construction<\/option>\n\t\t\t\t\t\t\t\t\t<option value=\"K - 12 Edu\">K - 12 Edu<\/option>\n\t\t\t\t\t\t\t\t\t<option value=\"Higher Edu\">Higher Edu<\/option>\n\t\t\t\t\t\t\t\t\t<option value=\"Consulting\">Consulting<\/option>\n\t\t\t\t\t\t\t\t\t<option value=\"Financial Services\">Financial Services<\/option>\n\t\t\t\t\t\t\t\t\t<option value=\"Government\">Government<\/option>\n\t\t\t\t\t\t\t\t\t<option value=\"Health Care\">Health Care<\/option>\n\t\t\t\t\t\t\t\t\t<option value=\"Technology\">Technology<\/option>\n\t\t\t\t\t\t\t\t\t<option value=\"Church or Religious Organization\">Church or Religious Organization<\/option>\n\t\t\t\t\t\t\t\t\t<option value=\"Coaching and Training\">Coaching and Training<\/option>\n\t\t\t\t\t\t\t\t\t<option value=\"Manufacturing\">Manufacturing<\/option>\n\t\t\t\t\t\t\t\t\t<option value=\"Legal\">Legal<\/option>\n\t\t\t\t\t\t\t\t\t<option value=\"Marketing Creative Agency\">Marketing Creative Agency<\/option>\n\t\t\t\t\t\t\t\t\t<option value=\"Non-profit\/NGO\">Non-profit\/NGO<\/option>\n\t\t\t\t\t\t\t\t\t<option value=\"Real Estate\">Real Estate<\/option>\n\t\t\t\t\t\t\t\t\t<option value=\"Retail and Consumer Goods\">Retail and Consumer Goods<\/option>\n\t\t\t\t\t\t\t\t\t<option value=\"Other Edu\">Other Edu<\/option>\n\t\t\t\t\t\t\t\t\t<option value=\"Personal Use\">Personal Use<\/option>\n\t\t\t\t\t\t\t\t\t<option value=\"Others\">Others<\/option>\n\t\t\t\t\t\t\t<\/select>\n\t\t<\/div>\n\t\t\t\t\t\t<\/div>\n\t\t\t\t\t\t\t\t<div class=\"elementor-field-type-select elementor-field-group elementor-column elementor-field-group-field_afde441 elementor-col-100 elementor-field-required elementor-mark-required\">\n\t\t\t\t\t\t\t\t\t\t\t\t<label for=\"form-field-field_afde441\" class=\"elementor-field-label\">\n\t\t\t\t\t\t\t\tNumber of employees\t\t\t\t\t\t\t<\/label>\n\t\t\t\t\t\t\t\t<div class=\"elementor-field elementor-select-wrapper remove-before \">\n\t\t\t<div class=\"select-caret-down-wrapper\">\n\t\t\t\t<svg aria-hidden=\"true\" class=\"e-font-icon-svg e-eicon-caret-down\" viewBox=\"0 0 571.4 571.4\" xmlns=\"http:\/\/www.w3.org\/2000\/svg\"><path d=\"M571 393Q571 407 561 418L311 668Q300 679 286 679T261 668L11 418Q0 407 0 393T11 368 36 357H536Q550 357 561 368T571 393Z\"><\/path><\/svg>\t\t\t<\/div>\n\t\t\t<select name=\"form_fields[field_afde441]\" id=\"form-field-field_afde441\" class=\"elementor-field-textual elementor-size-sm\" required=\"required\">\n\t\t\t\t\t\t\t\t\t<option value=\"1-5\">1-5<\/option>\n\t\t\t\t\t\t\t\t\t<option value=\"6-50\">6-50<\/option>\n\t\t\t\t\t\t\t\t\t<option value=\"51-100\">51-100<\/option>\n\t\t\t\t\t\t\t\t\t<option value=\"101-1000\">101-1000<\/option>\n\t\t\t\t\t\t\t\t\t<option value=\"1001-10000\">1001-10000<\/option>\n\t\t\t\t\t\t\t\t\t<option value=\"10000+\">10000+<\/option>\n\t\t\t\t\t\t\t<\/select>\n\t\t<\/div>\n\t\t\t\t\t\t<\/div>\n\t\t\t\t\t\t\t\t<div class=\"elementor-field-type-select elementor-field-group elementor-column elementor-field-group-field_717d0ed elementor-col-100\">\n\t\t\t\t\t\t\t\t\t\t\t\t<label for=\"form-field-field_717d0ed\" class=\"elementor-field-label\">\n\t\t\t\t\t\t\t\tNo. of boards considered\t\t\t\t\t\t\t<\/label>\n\t\t\t\t\t\t\t\t<div class=\"elementor-field elementor-select-wrapper remove-before \">\n\t\t\t<div class=\"select-caret-down-wrapper\">\n\t\t\t\t<svg aria-hidden=\"true\" class=\"e-font-icon-svg e-eicon-caret-down\" viewBox=\"0 0 571.4 571.4\" xmlns=\"http:\/\/www.w3.org\/2000\/svg\"><path d=\"M571 393Q571 407 561 418L311 668Q300 679 286 679T261 668L11 418Q0 407 0 393T11 368 36 357H536Q550 357 561 368T571 393Z\"><\/path><\/svg>\t\t\t<\/div>\n\t\t\t<select name=\"form_fields[field_717d0ed]\" id=\"form-field-field_717d0ed\" class=\"elementor-field-textual elementor-size-sm\">\n\t\t\t\t\t\t\t\t\t<option value=\"1-2\">1-2<\/option>\n\t\t\t\t\t\t\t\t\t<option value=\"3-5\">3-5<\/option>\n\t\t\t\t\t\t\t\t\t<option value=\"6-10\">6-10<\/option>\n\t\t\t\t\t\t\t\t\t<option value=\"11-20\">11-20<\/option>\n\t\t\t\t\t\t\t\t\t<option value=\"21-30\">21-30<\/option>\n\t\t\t\t\t\t\t\t\t<option value=\"31-50\">31-50<\/option>\n\t\t\t\t\t\t\t\t\t<option value=\"51-100\">51-100<\/option>\n\t\t\t\t\t\t\t\t\t<option value=\"100+\">100+<\/option>\n\t\t\t\t\t\t\t<\/select>\n\t\t<\/div>\n\t\t\t\t\t\t<\/div>\n\t\t\t\t\t\t\t\t<div class=\"elementor-field-group elementor-column elementor-field-type-submit elementor-col-100 e-form__buttons\">\n\t\t\t\t\t<button class=\"elementor-button elementor-size-md\" type=\"submit\">\n\t\t\t\t\t\t<span class=\"elementor-button-content-wrapper\">\n\t\t\t\t\t\t\t\t\t\t\t\t\t\t\t\t\t\t\t\t\t\t<span class=\"elementor-button-text\">Submit<\/span>\n\t\t\t\t\t\t\t\t\t\t\t\t\t<\/span>\n\t\t\t\t\t<\/button>\n\t\t\t\t<\/div>\n\t\t\t<\/div>\n\t\t<\/form>\n\t\t\t\t\t\t<\/div>\n\t\t\t\t<\/div>\n\t\t\t\t<\/div>\n\t\t\t\t\t<\/div>\n\t\t\t\t<\/div>\n\t\t\t\t<\/div>\n\t\t","protected":false},"excerpt":{"rendered":"<p>Procurez-vous la carte JAV de qualit\u00e9 sup\u00e9rieure pour booster votre productivit\u00e9.<\/p>","protected":false},"author":1,"featured_media":0,"parent":0,"menu_order":0,"comment_status":"closed","ping_status":"closed","template":"","meta":{"_acf_changed":false,"_kad_post_transparent":"","_kad_post_title":"hide","_kad_post_layout":"fullwidth","_kad_post_sidebar_id":"","_kad_post_content_style":"unboxed","_kad_post_vertical_padding":"hide","_kad_post_feature":"hide","_kad_post_feature_position":"","_kad_post_header":false,"_kad_post_footer":false,"_kad_post_classname":"","footnotes":""},"class_list":["post-234","page","type-page","status-publish","hentry"],"acf":[],"yoast_head":"<!-- This site is optimized with the Yoast SEO plugin v27.3 - https:\/\/yoast.com\/product\/yoast-seo-wordpress\/ -->\n<title>Request a Quote - JAV Board<\/title>\n<meta name=\"description\" content=\"Request a quote for JAV Board products. Get personalized pricing and details for your business or educational needs. Contact us today for more information.\" \/>\n<meta name=\"robots\" content=\"index, follow, max-snippet:-1, max-image-preview:large, max-video-preview:-1\" \/>\n<link rel=\"canonical\" href=\"https:\/\/javflatpanel.com\/fr\/demander-un-devis\/\" \/>\n<meta property=\"og:locale\" content=\"fr_FR\" \/>\n<meta property=\"og:type\" content=\"article\" \/>\n<meta property=\"og:title\" content=\"Request a Quote - JAV Board\" \/>\n<meta property=\"og:description\" content=\"Request a quote for JAV Board products. Get personalized pricing and details for your business or educational needs. Contact us today for more information.\" \/>\n<meta property=\"og:url\" content=\"https:\/\/javflatpanel.com\/fr\/demander-un-devis\/\" \/>\n<meta property=\"og:site_name\" content=\"JAV Board\" \/>\n<meta property=\"article:publisher\" content=\"https:\/\/www.facebook.com\/javboard\" \/>\n<meta property=\"article:modified_time\" content=\"2025-10-29T03:53:06+00:00\" \/>\n<meta name=\"twitter:card\" content=\"summary_large_image\" \/>\n<meta name=\"twitter:label1\" content=\"Dur\u00e9e de lecture estim\u00e9e\" \/>\n\t<meta name=\"twitter:data1\" content=\"1 minute\" \/>\n<script type=\"application\/ld+json\" class=\"yoast-schema-graph\">{\"@context\":\"https:\\\/\\\/schema.org\",\"@graph\":[{\"@type\":\"WebPage\",\"@id\":\"https:\\\/\\\/javflatpanel.com\\\/request-a-quote\\\/\",\"url\":\"https:\\\/\\\/javflatpanel.com\\\/request-a-quote\\\/\",\"name\":\"Request a Quote - JAV Board\",\"isPartOf\":{\"@id\":\"https:\\\/\\\/javflatpanel.com\\\/#website\"},\"datePublished\":\"2025-07-01T07:01:49+00:00\",\"dateModified\":\"2025-10-29T03:53:06+00:00\",\"description\":\"Request a quote for JAV Board products. Get personalized pricing and details for your business or educational needs. Contact us today for more information.\",\"breadcrumb\":{\"@id\":\"https:\\\/\\\/javflatpanel.com\\\/request-a-quote\\\/#breadcrumb\"},\"inLanguage\":\"fr-FR\",\"potentialAction\":[{\"@type\":\"ReadAction\",\"target\":[\"https:\\\/\\\/javflatpanel.com\\\/request-a-quote\\\/\"]}]},{\"@type\":\"BreadcrumbList\",\"@id\":\"https:\\\/\\\/javflatpanel.com\\\/request-a-quote\\\/#breadcrumb\",\"itemListElement\":[{\"@type\":\"ListItem\",\"position\":1,\"name\":\"Home\",\"item\":\"https:\\\/\\\/javflatpanel.com\\\/\"},{\"@type\":\"ListItem\",\"position\":2,\"name\":\"Request a Quote\"}]},{\"@type\":\"WebSite\",\"@id\":\"https:\\\/\\\/javflatpanel.com\\\/#website\",\"url\":\"https:\\\/\\\/javflatpanel.com\\\/\",\"name\":\"JAV Board\",\"description\":\"All-in-one device for meeting, teaching, and home use.\",\"publisher\":{\"@id\":\"https:\\\/\\\/javflatpanel.com\\\/#organization\"},\"alternateName\":\"JAV Board\",\"potentialAction\":[{\"@type\":\"SearchAction\",\"target\":{\"@type\":\"EntryPoint\",\"urlTemplate\":\"https:\\\/\\\/javflatpanel.com\\\/?s={search_term_string}\"},\"query-input\":{\"@type\":\"PropertyValueSpecification\",\"valueRequired\":true,\"valueName\":\"search_term_string\"}}],\"inLanguage\":\"fr-FR\"},{\"@type\":\"Organization\",\"@id\":\"https:\\\/\\\/javflatpanel.com\\\/#organization\",\"name\":\"JAV Electronics\",\"url\":\"https:\\\/\\\/javflatpanel.com\\\/\",\"logo\":{\"@type\":\"ImageObject\",\"inLanguage\":\"fr-FR\",\"@id\":\"https:\\\/\\\/javflatpanel.com\\\/#\\\/schema\\\/logo\\\/image\\\/\",\"url\":\"https:\\\/\\\/javflatpanel.com\\\/wp-content\\\/uploads\\\/2025\\\/05\\\/JAV_logo-1030-350x100-1.png\",\"contentUrl\":\"https:\\\/\\\/javflatpanel.com\\\/wp-content\\\/uploads\\\/2025\\\/05\\\/JAV_logo-1030-350x100-1.png\",\"width\":350,\"height\":100,\"caption\":\"JAV Electronics\"},\"image\":{\"@id\":\"https:\\\/\\\/javflatpanel.com\\\/#\\\/schema\\\/logo\\\/image\\\/\"},\"sameAs\":[\"https:\\\/\\\/www.facebook.com\\\/javboard\"]}]}<\/script>\n<!-- \/ Yoast SEO plugin. -->","yoast_head_json":{"title":"Demande de devis - JAV Board","description":"Demandez un devis pour les produits JAV Board. B\u00e9n\u00e9ficiez d&#039;une tarification personnalis\u00e9e et de d\u00e9tails adapt\u00e9s \u00e0 vos besoins professionnels ou \u00e9ducatifs. Contactez-nous d\u00e8s aujourd&#039;hui pour plus d&#039;informations.","robots":{"index":"index","follow":"follow","max-snippet":"max-snippet:-1","max-image-preview":"max-image-preview:large","max-video-preview":"max-video-preview:-1"},"canonical":"https:\/\/javflatpanel.com\/fr\/demander-un-devis\/","og_locale":"fr_FR","og_type":"article","og_title":"Request a Quote - JAV Board","og_description":"Request a quote for JAV Board products. Get personalized pricing and details for your business or educational needs. Contact us today for more information.","og_url":"https:\/\/javflatpanel.com\/fr\/demander-un-devis\/","og_site_name":"JAV Board","article_publisher":"https:\/\/www.facebook.com\/javboard","article_modified_time":"2025-10-29T03:53:06+00:00","twitter_card":"summary_large_image","twitter_misc":{"Dur\u00e9e de lecture estim\u00e9e":"1 minute"},"schema":{"@context":"https:\/\/schema.org","@graph":[{"@type":"WebPage","@id":"https:\/\/javflatpanel.com\/request-a-quote\/","url":"https:\/\/javflatpanel.com\/request-a-quote\/","name":"Demande de devis - JAV Board","isPartOf":{"@id":"https:\/\/javflatpanel.com\/#website"},"datePublished":"2025-07-01T07:01:49+00:00","dateModified":"2025-10-29T03:53:06+00:00","description":"Demandez un devis pour les produits JAV Board. B\u00e9n\u00e9ficiez d&#039;une tarification personnalis\u00e9e et de d\u00e9tails adapt\u00e9s \u00e0 vos besoins professionnels ou \u00e9ducatifs. Contactez-nous d\u00e8s aujourd&#039;hui pour plus d&#039;informations.","breadcrumb":{"@id":"https:\/\/javflatpanel.com\/request-a-quote\/#breadcrumb"},"inLanguage":"fr-FR","potentialAction":[{"@type":"ReadAction","target":["https:\/\/javflatpanel.com\/request-a-quote\/"]}]},{"@type":"BreadcrumbList","@id":"https:\/\/javflatpanel.com\/request-a-quote\/#breadcrumb","itemListElement":[{"@type":"ListItem","position":1,"name":"Home","item":"https:\/\/javflatpanel.com\/"},{"@type":"ListItem","position":2,"name":"Request a Quote"}]},{"@type":"WebSite","@id":"https:\/\/javflatpanel.com\/#website","url":"https:\/\/javflatpanel.com\/","name":"Conseil JAV","description":"Appareil tout-en-un pour les r\u00e9unions, l&#039;enseignement et l&#039;utilisation \u00e0 domicile.","publisher":{"@id":"https:\/\/javflatpanel.com\/#organization"},"alternateName":"JAV Board","potentialAction":[{"@type":"SearchAction","target":{"@type":"EntryPoint","urlTemplate":"https:\/\/javflatpanel.com\/?s={search_term_string}"},"query-input":{"@type":"PropertyValueSpecification","valueRequired":true,"valueName":"search_term_string"}}],"inLanguage":"fr-FR"},{"@type":"Organization","@id":"https:\/\/javflatpanel.com\/#organization","name":"JAV Electronics","url":"https:\/\/javflatpanel.com\/","logo":{"@type":"ImageObject","inLanguage":"fr-FR","@id":"https:\/\/javflatpanel.com\/#\/schema\/logo\/image\/","url":"https:\/\/javflatpanel.com\/wp-content\/uploads\/2025\/05\/JAV_logo-1030-350x100-1.png","contentUrl":"https:\/\/javflatpanel.com\/wp-content\/uploads\/2025\/05\/JAV_logo-1030-350x100-1.png","width":350,"height":100,"caption":"JAV Electronics"},"image":{"@id":"https:\/\/javflatpanel.com\/#\/schema\/logo\/image\/"},"sameAs":["https:\/\/www.facebook.com\/javboard"]}]}},"_hostinger_reach_plugin_has_subscription_block":false,"_hostinger_reach_plugin_is_elementor":false,"_links":{"self":[{"href":"https:\/\/javflatpanel.com\/fr\/wp-json\/wp\/v2\/pages\/234","targetHints":{"allow":["GET"]}}],"collection":[{"href":"https:\/\/javflatpanel.com\/fr\/wp-json\/wp\/v2\/pages"}],"about":[{"href":"https:\/\/javflatpanel.com\/fr\/wp-json\/wp\/v2\/types\/page"}],"author":[{"embeddable":true,"href":"https:\/\/javflatpanel.com\/fr\/wp-json\/wp\/v2\/users\/1"}],"replies":[{"embeddable":true,"href":"https:\/\/javflatpanel.com\/fr\/wp-json\/wp\/v2\/comments?post=234"}],"version-history":[{"count":34,"href":"https:\/\/javflatpanel.com\/fr\/wp-json\/wp\/v2\/pages\/234\/revisions"}],"predecessor-version":[{"id":8579,"href":"https:\/\/javflatpanel.com\/fr\/wp-json\/wp\/v2\/pages\/234\/revisions\/8579"}],"wp:attachment":[{"href":"https:\/\/javflatpanel.com\/fr\/wp-json\/wp\/v2\/media?parent=234"}],"curies":[{"name":"wp","href":"https:\/\/api.w.org\/{rel}","templated":true}]}}